{"id":428,"date":"2015-10-27T07:58:38","date_gmt":"2015-10-27T07:58:38","guid":{"rendered":"http:\/\/wp.castiglioncelloturismo.com\/de\/?page_id=428"},"modified":"2018-05-18T13:51:37","modified_gmt":"2018-05-18T13:51:37","slug":"kontakte-hotel-baia-del-sorriso","status":"publish","type":"page","link":"https:\/\/www.castiglioncelloturismo.com\/de\/kontakte-hotel-baia-del-sorriso\/","title":{"rendered":"Kontakte"},"content":{"rendered":"<p>[vc_row el_class=&#8220;check-availability prenotadentro&#8220; css=&#8220;.vc_custom_1440565924131{margin-bottom: 0px !important;}&#8220;][vc_column offset=&#8220;vc_col-lg-3 vc_col-md-12&#8243; css=&#8220;.vc_custom_1444918023543{margin-top: 15px !important;}&#8220; enable_overlay=&#8220;true&#8220;][vc_column_text size=&#8220;0&#8243;]<\/p>\n<h2>JETZT<span id=\"result_box\" class=\"short_text\" lang=\"de\" tabindex=\"-1\"> BUCHEN<\/span><\/h2>\n<p>[\/vc_column_text][\/vc_column][vc_column el_class=&#8220;availability-form&#8220; offset=&#8220;vc_col-lg-9 vc_col-md-12&#8243;][vc_raw_html]JTNDZGl2JTIwY2xhc3MlM0QlMjJ3cGJfd3JhcHBlciUyMiUzRSUwQSUzQ2Zvcm0lMjBjbGFzcyUzRCUyMmFwYi1jaGVja2F2YWlsYWJsZS1zdWJtaXQlMjIlMjBhY3Rpb24lM0QlMjJodHRwcyUzQSUyRiUyRnd3dy5ib29raW5nLXJlc2VydmF0aW9ucy5jb20lMkZCRSUyRmRlZmF1bHQuYXNweCUyMiUyMG1ldGhvZCUzRCUyMkdFVCUyMiUzRSUwQSUzQ2RpdiUyMGNsYXNzJTNEJTIyYXZhaWxhYmlsaXR5LWZvcm0lMjIlM0UlMEElMDklM0NkaXYlMjBjbGFzcyUzRCUyMmF3ZS1jYWxlbmRhci13cmFwcGVyJTIyJTNFJTBBJTA5JTA5JTNDaW5wdXQlMjBpZCUzRCUyMmNhbGVuZGFyJTIyJTIwbmFtZSUzRCUyMmNoZWNraW4lMjIlMjBwbGFjZWhvbGRlciUzRCUyMkVpbmNoZWNrZW4lMjIlMjBjbGFzcyUzRCUyMmRhdGUtc3RhcnQtanMlMjBhcGItaW5wdXQlMjBhd2UtY2FsZW5kYXIlMjBoYXNEYXRlcGlja2VyJTIyJTIwdHlwZSUzRCUyMnRleHQlMjIlM0UlMEElMDklM0MlMkZkaXYlM0UlMEElMDklM0NkaXYlMjBjbGFzcyUzRCUyMmF3ZS1jYWxlbmRhci13cmFwcGVyJTIyJTNFJTBBJTA5JTA5JTNDaW5wdXQlMjBpZCUzRCUyMmNhbGVuZGFyMiUyMiUyMG5hbWUlM0QlMjJjaGVja291dCUyMiUyMHBsYWNlaG9sZGVyJTNEJTIyQXVzY2hlY2tlbiUyMiUyMGNsYXNzJTNEJTIyZGF0ZS1lbmQtanMlMjBhcGItaW5wdXQlMjBhd2UtY2FsZW5kYXIlMjBoYXNEYXRlcGlja2VyJTIyJTIwdHlwZSUzRCUyMnRleHQlMjIlM0UlMEElMDklM0MlMkZkaXYlM0UlMEElMDklM0NzZWxlY3QlMjBuYW1lJTNEJTIyYWR1bHRzJTIyJTIwY2xhc3MlM0QlMjJhd2Utc2VsZWN0JTIwYnMtc2VsZWN0LWhpZGRlbiUyMiUzRSUzQ29wdGlvbiUzRUVyd2FjaHNlbmUlM0MlMkZvcHRpb24lM0UlM0NvcHRpb24lMjB2YWx1ZSUzRCUyMjElMjIlM0UxJTNDJTJGb3B0aW9uJTNFJTNDb3B0aW9uJTIwdmFsdWUlM0QlMjIyJTIyJTNFMiUzQyUyRm9wdGlvbiUzRSUzQ29wdGlvbiUyMHZhbHVlJTNEJTIyMyUyMiUzRTMlM0MlMkZvcHRpb24lM0UlM0NvcHRpb24lMjB2YWx1ZSUzRCUyMjQlMjIlM0U0JTNDJTJGb3B0aW9uJTNFJTNDb3B0aW9uJTIwdmFsdWUlM0QlMjI1JTIyJTNFNSUzQyUyRm9wdGlvbiUzRSUzQ29wdGlvbiUyMHZhbHVlJTNEJTIyNiUyMiUzRTYlM0MlMkZvcHRpb24lM0UlM0MlMkZzZWxlY3QlM0UlMEElMDklM0NpbnB1dCUyMHR5cGUlM0QlMjJoaWRkZW4lMjIlMjBuYW1lJTNEJTIycm9vbXMlMjIlMjB2YWx1ZSUzRCUyMjElMjIlMjAlMkYlM0UlMEElMDklMDklMDklMDklMDklMDklMDklMDklMDklMDklM0NpbnB1dCUyMHR5cGUlM0QlMjJoaWRkZW4lMjIlMjBuYW1lJTNEJTIyY29kZSUyMiUyMHZhbHVlJTNEJTIyJTIyJTIwJTJGJTNFJTBBJTA5JTA5JTA5JTA5JTA5JTA5JTA5JTA5JTA5JTA5JTNDaW5wdXQlMjB0eXBlJTNEJTIyaGlkZGVuJTIyJTIwbmFtZSUzRCUyMnNyYyUyMiUyMHZhbHVlJTNEJTIyJTIyJTIwJTJGJTNFJTBBJTA5JTA5JTA5JTA5JTA5JTA5JTA5JTA5JTA5JTA5JTNDaW5wdXQlMjB0eXBlJTNEJTIyaGlkZGVuJTIyJTIwbmFtZSUzRCUyMnBiJTIyJTIwdmFsdWUlM0QlMjIxJTIyJTIwJTJGJTNFJTBBJTA5JTA5JTA5JTA5JTA5JTA5JTA5JTA5JTA5JTA5JTBBJTA5JTA5JTA5JTA5JTA5JTA5JTA5JTA5JTA5JTA5JTNDaW5wdXQlMjB0eXBlJTNEJTIyaGlkZGVuJTIyJTIwbmFtZSUzRCUyMnRiZSUyMiUyMHZhbHVlJTNEJTIyQk5FJTIyJTIwJTJGJTNFJTBBJTA5JTA5JTA5JTA5JTA5JTA5JTA5JTA5JTA5JTA5JTNDaW5wdXQlMjB0eXBlJTNEJTIyaGlkZGVuJTIyJTIwbmFtZSUzRCUyMmxuZyUyMiUyMHZhbHVlJTNEJTIyZGUlMjIlMjAlMkYlM0UlMEElMDklMDklMDklMDklMDklMDklMDklMDklMDklMDklM0NpbnB1dCUyMHR5cGUlM0QlMjJoaWRkZW4lMjIlMjBuYW1lJTNEJTIyc2lkJTIyJTIwdmFsdWUlM0QlMjI1ZDgwMjQ1MC0wZTcwLTQ5NDUtOWMzNS1iZTg4NGVjZmM1MWYlMjIlMjAlMkYlM0UlMEElMDklM0NkaXYlMjBjbGFzcyUzRCUyMnZhaWxhYmlsaXR5LXN1Ym1pdCUyMiUzRSUzQ2J1dHRvbiUyMHR5cGUlM0QlMjJzdWJtaXQlMjIlMjBjbGFzcyUzRCUyMmF3ZS1idG4lMjBhd2UtYnRuLWxhcmdlJTIyJTNFQU5GUkFHRSUyMElORk9STUFUSU9ORU4lM0MlMkZidXR0b24lM0UlM0MlMkZkaXYlM0UlMEElM0MlMkZkaXYlM0UlMEElM0MlMkZmb3JtJTNFJTBBJTNDJTJGZGl2JTNF[\/vc_raw_html][\/vc_column][\/vc_row][vc_row full_width=&#8220;stretch_row&#8220; parallax=&#8220;content-moving&#8220; parallax_image=&#8220;14&#8243; bg_overlay=&#8220;rgba(0,0,0,0.12)&#8220; enable_overlay=&#8220;true&#8220;][vc_column]<div class=\"awe-special-heading text-center\" style=\"color:#ffffff;\"><h2>KONTAKTE<\/h2><div class=\"awe-subheading below\"><p>Kontaktieren Sie uns f\u00fcr weitere Informationen zu unseren Dienstleistungen<\/p><\/div><\/div>[\/vc_column][\/vc_row][vc_row][vc_column width=&#8220;1\/2&#8243;][vc_column_text size=&#8220;0&#8243;]<\/p>\n<h2>KONTAKTE<\/h2>\n<p><span id=\"result_box\" class=\"\" lang=\"en\" tabindex=\"-1\"><span class=\"hps\"><span id=\"result_box\" class=\"\" lang=\"de\" tabindex=\"-1\">F\u00fcllen Sie das Anfrageformular, um ein Angebot f\u00fcr Ihren Urlaub in Castiglioncello fordern.<br \/>\nSie erreichen uns unter:<\/span><\/span><\/span>[\/vc_column_text][vc_raw_html]JTNDZGl2JTIwY2xhc3MlM0QlMjJjb250YWN0JTIyJTNFJTBBJTA5JTNDdWwlMjBjbGFzcyUzRCUyMnRleHQlMjIlM0UlMEElMDklMjAlMjAlMjAlMjAlM0NsaSUzRSUzQ2klMjBjbGFzcyUzRCUyMmljb24lMjBoaWxsdGVyLWljb24tbG9jYXRpb24lMjIlM0UlM0MlMkZpJTNFJTIwVmlhJTIwQXVyZWxpYSUyQyUyMDEwMjMlMjBDYXN0aWdsaW9uY2VsbG8lMjAlMjhMSSUyOSUyMCUzQyUyRmxpJTNFJTBBJTA5JTIwJTIwJTIwJTIwJTNDbGklM0UlM0NpJTIwY2xhc3MlM0QlMjJpY29uJTIwaGlsbHRlci1pY29uLXBob25lJTIyJTNFJTNDJTJGaSUzRSUyMCUyQjM5JTIwMDU4NiUyMC0lMjA3NTI1NzAlM0MlMkZsaSUzRSUwQSUwOSUyMCUyMCUyMCUyMCUzQ2xpJTNFJTNDaSUyMGNsYXNzJTNEJTIyaWNvbiUyMGhpbGx0ZXItaWNvbi1mYXglMjIlM0UlM0MlMkZpJTNFJTIwJTJCMzklMjAwNTg2JTIwNzUyNjc3JTNDJTJGbGklM0UlMEElMDklMjAlMjAlMjAlMjAlM0NsaSUzRSUzQ2klMjBjbGFzcyUzRCUyMmljb24lMjBmYSUyMGZhLWVudmVsb3BlLW8lMjIlM0UlM0MlMkZpJTNFJTNDYSUyMGhyZWYlM0QlMjJtYWlsdG8lM0FpbmZvJTQwY2FzdGlnbGlvbmNlbGxvdHVyaXNtby5jb20lM0ZzdWJqZWN0JTNEQ29tdW5pY2F6aW9uZSUyMGRhbCUyMHNpdG8lMjB3ZWIlMjIlM0VpbmZvJTQwY2FzdGlnbGlvbmNlbGxvdHVyaXNtby5jb20lM0MlMkZhJTNFJTNDJTJGbGklM0UlMEElMDklM0MlMkZ1bCUzRSUwQSUzQyUyRmRpdiUzRQ==[\/vc_raw_html][\/vc_column][vc_column width=&#8220;1\/2&#8243;]\n<div class=\"wpcf7 no-js\" id=\"wpcf7-f423-o1\" lang=\"en-US\" dir=\"ltr\" data-wpcf7-id=\"423\">\n<div class=\"screen-reader-response\"><p role=\"status\" aria-live=\"polite\" aria-atomic=\"true\"><\/p> <ul><\/ul><\/div>\n<form action=\"\/de\/wp-json\/wp\/v2\/pages\/428#wpcf7-f423-o1\" method=\"post\" class=\"wpcf7-form init\" aria-label=\"Contact form\" novalidate=\"novalidate\" data-status=\"init\">\n<div style=\"display: none;\">\n<input type=\"hidden\" name=\"_wpcf7\" value=\"423\" \/>\n<input type=\"hidden\" name=\"_wpcf7_version\" value=\"6.0.6\" \/>\n<input type=\"hidden\" name=\"_wpcf7_locale\" value=\"en_US\" \/>\n<input type=\"hidden\" name=\"_wpcf7_unit_tag\" value=\"wpcf7-f423-o1\" \/>\n<input type=\"hidden\" name=\"_wpcf7_container_post\" value=\"0\" \/>\n<input type=\"hidden\" name=\"_wpcf7_posted_data_hash\" value=\"\" \/>\n<input type=\"hidden\" name=\"_wpcf7_recaptcha_response\" value=\"\" \/>\n<\/div>\n<div class=\"contact-form\">\n\t<div class=\"row\">\n\t\t<div class=\"col-sm-6\">\n\t\t\t<p><span class=\"wpcf7-form-control-wrap\" data-name=\"text-115\"><input size=\"40\" maxlength=\"400\" class=\"wpcf7-form-control wpcf7-text wpcf7-validates-as-required field-text\" aria-required=\"true\" aria-invalid=\"false\" placeholder=\"Name\" value=\"\" type=\"text\" name=\"text-115\" \/><\/span>\n\t\t\t<\/p>\n\t\t<\/div>\n\t\t<div class=\"col-sm-6\">\n\t\t\t<p><span class=\"wpcf7-form-control-wrap\" data-name=\"text-878\"><input size=\"40\" maxlength=\"400\" class=\"wpcf7-form-control wpcf7-text field-text\" aria-invalid=\"false\" placeholder=\"Telefon\" value=\"\" type=\"text\" name=\"text-878\" \/><\/span>\n\t\t\t<\/p>\n\t\t<\/div>\n\t\t<div class=\"col-sm-12\">\n\t\t\t<p><span class=\"wpcf7-form-control-wrap\" data-name=\"posta\"><input size=\"40\" maxlength=\"400\" class=\"wpcf7-form-control wpcf7-email wpcf7-validates-as-required wpcf7-text wpcf7-validates-as-email field-text\" aria-required=\"true\" aria-invalid=\"false\" placeholder=\"Email\" value=\"\" type=\"email\" name=\"posta\" \/><\/span>\n\t\t\t<\/p>\n\t\t<\/div>\n\t\t<div class=\"col-sm-6\">\n\t\t\t<p><span class=\"wpcf7-form-control-wrap\" data-name=\"from\"><input size=\"40\" maxlength=\"400\" class=\"wpcf7-form-control wpcf7-text wpcf7-validates-as-required field-text\" aria-required=\"true\" aria-invalid=\"false\" placeholder=\"Check-in Datum\" value=\"\" type=\"text\" name=\"from\" \/><\/span>\n\t\t\t<\/p>\n\t\t<\/div>\n\t\t<div class=\"col-sm-6\">\n\t\t\t<p><span class=\"wpcf7-form-control-wrap\" data-name=\"to\"><input size=\"40\" maxlength=\"400\" class=\"wpcf7-form-control wpcf7-text wpcf7-validates-as-required field-text\" aria-required=\"true\" aria-invalid=\"false\" placeholder=\"Check-out-Datum\" value=\"\" type=\"text\" name=\"to\" \/><\/span>\n\t\t\t<\/p>\n\t\t<\/div>\n\t\t<div class=\"col-sm-6\">\n\t\t\t<p><span class=\"wpcf7-form-control-wrap\" data-name=\"adulti\"><input size=\"40\" maxlength=\"400\" class=\"wpcf7-form-control wpcf7-text wpcf7-validates-as-required field-text\" aria-required=\"true\" aria-invalid=\"false\" placeholder=\"Erwachsene\" value=\"\" type=\"text\" name=\"adulti\" \/><\/span>\n\t\t\t<\/p>\n\t\t<\/div>\n\t\t<div class=\"col-sm-6\">\n\t\t\t<p><span class=\"wpcf7-form-control-wrap\" data-name=\"bambini\"><input size=\"40\" maxlength=\"400\" class=\"wpcf7-form-control wpcf7-text wpcf7-validates-as-required field-text\" aria-required=\"true\" aria-invalid=\"false\" placeholder=\"Kinder\" value=\"\" type=\"text\" name=\"bambini\" \/><\/span>\n\t\t\t<\/p>\n\t\t<\/div>\n\t\t<div class=\"col-sm-12\">\n\t\t\t<p><span class=\"wpcf7-form-control-wrap\" data-name=\"textarea-331\"><textarea cols=\"40\" rows=\"10\" maxlength=\"2000\" class=\"wpcf7-form-control wpcf7-textarea field-textarea\" aria-invalid=\"false\" placeholder=\"Anforderung\" name=\"textarea-331\"><\/textarea><\/span>\n\t\t\t<\/p>\n\t\t<\/div>\n\t\t<p><span class=\"wpcf7-form-control-wrap\" data-name=\"acceptance-976\"><span class=\"wpcf7-form-control wpcf7-acceptance\"><span class=\"wpcf7-list-item\"><label><input type=\"checkbox\" name=\"acceptance-976\" value=\"1\" aria-invalid=\"false\" \/><span class=\"wpcf7-list-item-label\">Ich erm\u00e4chtige die Website, meine Daten zu verwalten, um auf meine Anfrage zu antworten. Die Daten werden m\u00f6glicherweise auf dieser Website gespeichert, k\u00f6nnen aber m\u00f6glicherweise wie auf der Seite <a href=\"\/privacy\/\"> Datenschutz <\/a> beschrieben gel\u00f6scht werden<\/span><\/label><\/span><\/span><\/span>\n\t\t<\/p>\n\t\t<div class=\"col-sm-6\">\n\t\t\t<p><input class=\"wpcf7-form-control wpcf7-submit has-spinner awe-btn awe-btn-default\" type=\"submit\" value=\"Senden\" \/>\n\t\t\t<\/p>\n\t\t<\/div>\n\t<\/div>\n<\/div><div class=\"wpcf7-response-output\" aria-hidden=\"true\"><\/div>\n<\/form>\n<\/div>\n[\/vc_column][\/vc_row][vc_row full_width=&#8220;stretch_row_content_no_spaces&#8220; css=&#8220;.vc_custom_1440979319669{margin-bottom: 0px !important;}&#8220;][vc_column el_class=&#8220;lucamappa&#8220; enable_overlay=&#8220;true&#8220;][vc_gmaps link=&#8220;#E-8_JTNDaWZyYW1lJTIwc3JjJTNEJTIyaHR0cHMlM0ElMkYlMkZ3d3cuZ29vZ2xlLmNvbSUyRm1hcHMlMkZlbWJlZCUzRnBiJTNEJTIxMW0xOCUyMTFtMTIlMjExbTMlMjExZDI4OTguNDI0MjYxNzc3NzUzJTIxMmQxMC40MDMyODI5MTU0MDM4MjUlMjEzZDQzLjQwOTk2MTc3NjE0MzMyJTIxMm0zJTIxMWYwJTIxMmYwJTIxM2YwJTIxM20yJTIxMWkxMDI0JTIxMmk3NjglMjE0ZjEzLjElMjEzbTMlMjExbTIlMjExczB4MTJkNWU0OGQ3YmE3YTRlMyUyNTNBMHhlOTQ2NzM0MWE5OGZlZmY0JTIxMnNIb3RlbCUyQkJhaWElMkJEZWwlMkJTb3JyaXNvJTIxNWUwJTIxM20yJTIxMXNpdCUyMTJzaXQlMjE0djE0NDU5MzA5OTMwODIlMjIlMjB3aWR0aCUzRCUyMjgwMCUyMiUyMGhlaWdodCUzRCUyMjI1MCUyMiUyMGZyYW1lYm9yZGVyJTNEJTIyMCUyMiUyMHN0eWxlJTNEJTIyYm9yZGVyJTNBMCUzQiUyMG1heC1oZWlnaHQlM0ElMjAyNTBweCUzQiUyMiUyMGFsbG93ZnVsbHNjcmVlbiUzRSUzQyUyRmlmcmFtZSUzRQ==&#8220; size=&#8220;250px&#8220;][\/vc_column][\/vc_row]<\/p>\n","protected":false},"excerpt":{"rendered":"<p>[vc_row el_class=&#8220;check-availability prenotadentro&#8220; css=&#8220;.vc_custom_1440565924131{margin-bottom: 0px !important;}&#8220;][vc_column offset=&#8220;vc_col-lg-3 vc_col-md-12&#8243; css=&#8220;.vc_custom_1444918023543{margin-top: 15px !important;}&#8220; enable_overlay=&#8220;true&#8220;][vc_column_text size=&#8220;0&#8243;] JETZT BUCHEN [\/vc_column_text][\/vc_column][vc_column el_class=&#8220;availability-form&#8220; offset=&#8220;vc_col-lg-9 vc_col-md-12&#8243;][vc_raw_html]JTNDZGl2JTIwY2xhc3MlM0QlMjJ3cGJfd3JhcHBlciUyMiUzRSUwQSUzQ2Zvcm0lMjBjbGFzcyUzRCUyMmFwYi1jaGVja2F2YWlsYWJsZS1zdWJtaXQlMjIlMjBhY3Rpb24lM0QlMjJodHRwcyUzQSUyRiUyRnd3dy5ib29raW5nLXJlc2VydmF0aW9ucy5jb20lMkZCRSUyRmRlZmF1bHQuYXNweCUyMiUyMG1ldGhvZCUzRCUyMkdFVCUyMiUzRSUwQSUzQ2RpdiUyMGNsYXNzJTNEJTIyYXZhaWxhYmlsaXR5LWZvcm0lMjIlM0UlMEElMDklM0NkaXYlMjBjbGFzcyUzRCUyMmF3ZS1jYWxlbmRhci13cmFwcGVyJTIyJTNFJTBBJTA5JTA5JTNDaW5wdXQlMjBpZCUzRCUyMmNhbGVuZGFyJTIyJTIwbmFtZSUzRCUyMmNoZWNraW4lMjIlMjBwbGFjZWhvbGRlciUzRCUyMkVpbmNoZWNrZW4lMjIlMjBjbGFzcyUzRCUyMmRhdGUtc3RhcnQtanMlMjBhcGItaW5wdXQlMjBhd2UtY2FsZW5kYXIlMjBoYXNEYXRlcGlja2VyJTIyJTIwdHlwZSUzRCUyMnRleHQlMjIlM0UlMEElMDklM0MlMkZkaXYlM0UlMEElMDklM0NkaXYlMjBjbGFzcyUzRCUyMmF3ZS1jYWxlbmRhci13cmFwcGVyJTIyJTNFJTBBJTA5JTA5JTNDaW5wdXQlMjBpZCUzRCUyMmNhbGVuZGFyMiUyMiUyMG5hbWUlM0QlMjJjaGVja291dCUyMiUyMHBsYWNlaG9sZGVyJTNEJTIyQXVzY2hlY2tlbiUyMiUyMGNsYXNzJTNEJTIyZGF0ZS1lbmQtanMlMjBhcGItaW5wdXQlMjBhd2UtY2FsZW5kYXIlMjBoYXNEYXRlcGlja2VyJTIyJTIwdHlwZSUzRCUyMnRleHQlMjIlM0UlMEElMDklM0MlMkZkaXYlM0UlMEElMDklM0NzZWxlY3QlMjBuYW1lJTNEJTIyYWR1bHRzJTIyJTIwY2xhc3MlM0QlMjJhd2Utc2VsZWN0JTIwYnMtc2VsZWN0LWhpZGRlbiUyMiUzRSUzQ29wdGlvbiUzRUVyd2FjaHNlbmUlM0MlMkZvcHRpb24lM0UlM0NvcHRpb24lMjB2YWx1ZSUzRCUyMjElMjIlM0UxJTNDJTJGb3B0aW9uJTNFJTNDb3B0aW9uJTIwdmFsdWUlM0QlMjIyJTIyJTNFMiUzQyUyRm9wdGlvbiUzRSUzQ29wdGlvbiUyMHZhbHVlJTNEJTIyMyUyMiUzRTMlM0MlMkZvcHRpb24lM0UlM0NvcHRpb24lMjB2YWx1ZSUzRCUyMjQlMjIlM0U0JTNDJTJGb3B0aW9uJTNFJTNDb3B0aW9uJTIwdmFsdWUlM0QlMjI1JTIyJTNFNSUzQyUyRm9wdGlvbiUzRSUzQ29wdGlvbiUyMHZhbHVlJTNEJTIyNiUyMiUzRTYlM0MlMkZvcHRpb24lM0UlM0MlMkZzZWxlY3QlM0UlMEElMDklM0NpbnB1dCUyMHR5cGUlM0QlMjJoaWRkZW4lMjIlMjBuYW1lJTNEJTIycm9vbXMlMjIlMjB2YWx1ZSUzRCUyMjElMjIlMjAlMkYlM0UlMEElMDklMDklMDklMDklMDklMDklMDklMDklMDklMDklM0NpbnB1dCUyMHR5cGUlM0QlMjJoaWRkZW4lMjIlMjBuYW1lJTNEJTIyY29kZSUyMiUyMHZhbHVlJTNEJTIyJTIyJTIwJTJGJTNFJTBBJTA5JTA5JTA5JTA5JTA5JTA5JTA5JTA5JTA5JTA5JTNDaW5wdXQlMjB0eXBlJTNEJTIyaGlkZGVuJTIyJTIwbmFtZSUzRCUyMnNyYyUyMiUyMHZhbHVlJTNEJTIyJTIyJTIwJTJGJTNFJTBBJTA5JTA5JTA5JTA5JTA5JTA5JTA5JTA5JTA5JTA5JTNDaW5wdXQlMjB0eXBlJTNEJTIyaGlkZGVuJTIyJTIwbmFtZSUzRCUyMnBiJTIyJTIwdmFsdWUlM0QlMjIxJTIyJTIwJTJGJTNFJTBBJTA5JTA5JTA5JTA5JTA5JTA5JTA5JTA5JTA5JTA5JTBBJTA5JTA5JTA5JTA5JTA5JTA5JTA5JTA5JTA5JTA5JTNDaW5wdXQlMjB0eXBlJTNEJTIyaGlkZGVuJTIyJTIwbmFtZSUzRCUyMnRiZSUyMiUyMHZhbHVlJTNEJTIyQk5FJTIyJTIwJTJGJTNFJTBBJTA5JTA5JTA5JTA5JTA5JTA5JTA5JTA5JTA5JTA5JTNDaW5wdXQlMjB0eXBlJTNEJTIyaGlkZGVuJTIyJTIwbmFtZSUzRCUyMmxuZyUyMiUyMHZhbHVlJTNEJTIyZGUlMjIlMjAlMkYlM0UlMEElMDklMDklMDklMDklMDklMDklMDklMDklMDklMDklM0NpbnB1dCUyMHR5cGUlM0QlMjJoaWRkZW4lMjIlMjBuYW1lJTNEJTIyc2lkJTIyJTIwdmFsdWUlM0QlMjI1ZDgwMjQ1MC0wZTcwLTQ5NDUtOWMzNS1iZTg4NGVjZmM1MWYlMjIlMjAlMkYlM0UlMEElMDklM0NkaXYlMjBjbGFzcyUzRCUyMnZhaWxhYmlsaXR5LXN1Ym1pdCUyMiUzRSUzQ2J1dHRvbiUyMHR5cGUlM0QlMjJzdWJtaXQlMjIlMjBjbGFzcyUzRCUyMmF3ZS1idG4lMjBhd2UtYnRuLWxhcmdlJTIyJTNFQU5GUkFHRSUyMElORk9STUFUSU9ORU4lM0MlMkZidXR0b24lM0UlM0MlMkZkaXYlM0UlMEElM0MlMkZkaXYlM0UlMEElM0MlMkZmb3JtJTNFJTBBJTNDJTJGZGl2JTNF[\/vc_raw_html][\/vc_column][\/vc_row][vc_row full_width=&#8220;stretch_row&#8220; parallax=&#8220;content-moving&#8220; parallax_image=&#8220;14&#8243; bg_overlay=&#8220;rgba(0,0,0,0.12)&#8220; enable_overlay=&#8220;true&#8220;][vc_column][\/vc_column][\/vc_row][vc_row][vc_column width=&#8220;1\/2&#8243;][vc_column_text size=&#8220;0&#8243;] KONTAKTE F\u00fcllen Sie das Anfrageformular, um ein Angebot f\u00fcr Ihren Urlaub in Castiglioncello fordern. Sie erreichen uns unter:[\/vc_column_text][vc_raw_html]JTNDZGl2JTIwY2xhc3MlM0QlMjJjb250YWN0JTIyJTNFJTBBJTA5JTNDdWwlMjBjbGFzcyUzRCUyMnRleHQlMjIlM0UlMEElMDklMjAlMjAlMjAlMjAlM0NsaSUzRSUzQ2klMjBjbGFzcyUzRCUyMmljb24lMjBoaWxsdGVyLWljb24tbG9jYXRpb24lMjIlM0UlM0MlMkZpJTNFJTIwVmlhJTIwQXVyZWxpYSUyQyUyMDEwMjMlMjBDYXN0aWdsaW9uY2VsbG8lMjAlMjhMSSUyOSUyMCUzQyUyRmxpJTNFJTBBJTA5JTIwJTIwJTIwJTIwJTNDbGklM0UlM0NpJTIwY2xhc3MlM0QlMjJpY29uJTIwaGlsbHRlci1pY29uLXBob25lJTIyJTNFJTNDJTJGaSUzRSUyMCUyQjM5JTIwMDU4NiUyMC0lMjA3NTI1NzAlM0MlMkZsaSUzRSUwQSUwOSUyMCUyMCUyMCUyMCUzQ2xpJTNFJTNDaSUyMGNsYXNzJTNEJTIyaWNvbiUyMGhpbGx0ZXItaWNvbi1mYXglMjIlM0UlM0MlMkZpJTNFJTIwJTJCMzklMjAwNTg2JTIwNzUyNjc3JTNDJTJGbGklM0UlMEElMDklMjAlMjAlMjAlMjAlM0NsaSUzRSUzQ2klMjBjbGFzcyUzRCUyMmljb24lMjBmYSUyMGZhLWVudmVsb3BlLW8lMjIlM0UlM0MlMkZpJTNFJTNDYSUyMGhyZWYlM0QlMjJtYWlsdG8lM0FpbmZvJTQwY2FzdGlnbGlvbmNlbGxvdHVyaXNtby5jb20lM0ZzdWJqZWN0JTNEQ29tdW5pY2F6aW9uZSUyMGRhbCUyMHNpdG8lMjB3ZWIlMjIlM0VpbmZvJTQwY2FzdGlnbGlvbmNlbGxvdHVyaXNtby5jb20lM0MlMkZhJTNFJTNDJTJGbGklM0UlMEElMDklM0MlMkZ1bCUzRSUwQSUzQyUyRmRpdiUzRQ==[\/vc_raw_html][\/vc_column][vc_column width=&#8220;1\/2&#8243;][\/vc_column][\/vc_row][vc_row full_width=&#8220;stretch_row_content_no_spaces&#8220; css=&#8220;.vc_custom_1440979319669{margin-bottom: 0px !important;}&#8220;][vc_column el_class=&#8220;lucamappa&#8220; enable_overlay=&#8220;true&#8220;][vc_gmaps link=&#8220;#E-8_JTNDaWZyYW1lJTIwc3JjJTNEJTIyaHR0cHMlM0ElMkYlMkZ3d3cuZ29vZ2xlLmNvbSUyRm1hcHMlMkZlbWJlZCUzRnBiJTNEJTIxMW0xOCUyMTFtMTIlMjExbTMlMjExZDI4OTguNDI0MjYxNzc3NzUzJTIxMmQxMC40MDMyODI5MTU0MDM4MjUlMjEzZDQzLjQwOTk2MTc3NjE0MzMyJTIxMm0zJTIxMWYwJTIxMmYwJTIxM2YwJTIxM20yJTIxMWkxMDI0JTIxMmk3NjglMjE0ZjEzLjElMjEzbTMlMjExbTIlMjExczB4MTJkNWU0OGQ3YmE3YTRlMyUyNTNBMHhlOTQ2NzM0MWE5OGZlZmY0JTIxMnNIb3RlbCUyQkJhaWElMkJEZWwlMkJTb3JyaXNvJTIxNWUwJTIxM20yJTIxMXNpdCUyMTJzaXQlMjE0djE0NDU5MzA5OTMwODIlMjIlMjB3aWR0aCUzRCUyMjgwMCUyMiUyMGhlaWdodCUzRCUyMjI1MCUyMiUyMGZyYW1lYm9yZGVyJTNEJTIyMCUyMiUyMHN0eWxlJTNEJTIyYm9yZGVyJTNBMCUzQiUyMG1heC1oZWlnaHQlM0ElMjAyNTBweCUzQiUyMiUyMGFsbG93ZnVsbHNjcmVlbiUzRSUzQyUyRmlmcmFtZSUzRQ==&#8220; size=&#8220;250px&#8220;][\/vc_column][\/vc_row]<\/p>\n","protected":false},"author":1,"featured_media":0,"parent":0,"menu_order":0,"comment_status":"closed","ping_status":"closed","template":"","meta":{"footnotes":"","_expiration-date-status":"saved","_expiration-date":0,"_expiration-date-type":"","_expiration-date-categories":[],"_expiration-date-options":[]},"class_list":["post-428","page","type-page","status-publish","hentry"],"yoast_head":"<!-- This site is optimized with the Yoast SEO plugin v19.9 - https:\/\/yoast.com\/wordpress\/plugins\/seo\/ -->\n<title>HOTEL BAIA DEL SORRISO: Hotel Baia Del Sorriso Castiglioncello<\/title>\n<meta name=\"description\" content=\"castiglioncelloturismo.com - F\u00fcr weitere Informationen \u00fcber Preise und Angebote f\u00fcr Ihre Ferien in Castiglioncello senden Sie uns eine Informationsanfrage\" \/>\n<meta name=\"robots\" content=\"index, follow, max-snippet:-1, max-image-preview:large, max-video-preview:-1\" \/>\n<link rel=\"canonical\" href=\"https:\/\/www.castiglioncelloturismo.com\/de\/kontakte-hotel-baia-del-sorriso\/\" \/>\n<meta property=\"og:locale\" content=\"de_DE\" \/>\n<meta property=\"og:type\" content=\"article\" \/>\n<meta property=\"og:title\" content=\"HOTEL BAIA DEL SORRISO: Hotel Baia Del Sorriso Castiglioncello\" \/>\n<meta property=\"og:description\" content=\"castiglioncelloturismo.com - F\u00fcr weitere Informationen \u00fcber Preise und Angebote f\u00fcr Ihre Ferien in Castiglioncello senden Sie uns eine Informationsanfrage\" \/>\n<meta property=\"og:url\" content=\"https:\/\/www.castiglioncelloturismo.com\/de\/kontakte-hotel-baia-del-sorriso\/\" \/>\n<meta property=\"og:site_name\" content=\"Castiglioncello Turismo\" \/>\n<meta property=\"article:modified_time\" content=\"2018-05-18T13:51:37+00:00\" \/>\n<meta name=\"twitter:card\" content=\"summary_large_image\" \/>\n<meta name=\"twitter:label1\" content=\"Gesch\u00e4tzte Lesezeit\" \/>\n\t<meta name=\"twitter:data1\" content=\"3\u00a0Minuten\" \/>\n<script type=\"application\/ld+json\" class=\"yoast-schema-graph\">{\"@context\":\"https:\/\/schema.org\",\"@graph\":[{\"@type\":\"WebPage\",\"@id\":\"https:\/\/www.castiglioncelloturismo.com\/de\/kontakte-hotel-baia-del-sorriso\/\",\"url\":\"https:\/\/www.castiglioncelloturismo.com\/de\/kontakte-hotel-baia-del-sorriso\/\",\"name\":\"HOTEL BAIA DEL SORRISO: Hotel Baia Del Sorriso Castiglioncello\",\"isPartOf\":{\"@id\":\"https:\/\/www.castiglioncelloturismo.com\/#website\"},\"datePublished\":\"2015-10-27T07:58:38+00:00\",\"dateModified\":\"2018-05-18T13:51:37+00:00\",\"description\":\"castiglioncelloturismo.com - F\u00fcr weitere Informationen \u00fcber Preise und Angebote f\u00fcr Ihre Ferien in Castiglioncello senden Sie uns eine Informationsanfrage\",\"breadcrumb\":{\"@id\":\"https:\/\/www.castiglioncelloturismo.com\/de\/kontakte-hotel-baia-del-sorriso\/#breadcrumb\"},\"inLanguage\":\"de\",\"potentialAction\":[{\"@type\":\"ReadAction\",\"target\":[\"https:\/\/www.castiglioncelloturismo.com\/de\/kontakte-hotel-baia-del-sorriso\/\"]}]},{\"@type\":\"BreadcrumbList\",\"@id\":\"https:\/\/www.castiglioncelloturismo.com\/de\/kontakte-hotel-baia-del-sorriso\/#breadcrumb\",\"itemListElement\":[{\"@type\":\"ListItem\",\"position\":1,\"name\":\"Home\",\"item\":\"https:\/\/www.castiglioncelloturismo.com\/de\/\"},{\"@type\":\"ListItem\",\"position\":2,\"name\":\"Kontakte\"}]},{\"@type\":\"WebSite\",\"@id\":\"https:\/\/www.castiglioncelloturismo.com\/#website\",\"url\":\"https:\/\/www.castiglioncelloturismo.com\/\",\"name\":\"Castiglioncello Turismo\",\"description\":\"Hotel a Castiglioncello\",\"potentialAction\":[{\"@type\":\"SearchAction\",\"target\":{\"@type\":\"EntryPoint\",\"urlTemplate\":\"https:\/\/www.castiglioncelloturismo.com\/?s={search_term_string}\"},\"query-input\":\"required name=search_term_string\"}],\"inLanguage\":\"de\"}]}<\/script>\n<!-- \/ Yoast SEO plugin. -->","yoast_head_json":{"title":"HOTEL BAIA DEL SORRISO: Hotel Baia Del Sorriso Castiglioncello","description":"castiglioncelloturismo.com - F\u00fcr weitere Informationen \u00fcber Preise und Angebote f\u00fcr Ihre Ferien in Castiglioncello senden Sie uns eine Informationsanfrage","robots":{"index":"index","follow":"follow","max-snippet":"max-snippet:-1","max-image-preview":"max-image-preview:large","max-video-preview":"max-video-preview:-1"},"canonical":"https:\/\/www.castiglioncelloturismo.com\/de\/kontakte-hotel-baia-del-sorriso\/","og_locale":"de_DE","og_type":"article","og_title":"HOTEL BAIA DEL SORRISO: Hotel Baia Del Sorriso Castiglioncello","og_description":"castiglioncelloturismo.com - F\u00fcr weitere Informationen \u00fcber Preise und Angebote f\u00fcr Ihre Ferien in Castiglioncello senden Sie uns eine Informationsanfrage","og_url":"https:\/\/www.castiglioncelloturismo.com\/de\/kontakte-hotel-baia-del-sorriso\/","og_site_name":"Castiglioncello Turismo","article_modified_time":"2018-05-18T13:51:37+00:00","twitter_card":"summary_large_image","twitter_misc":{"Gesch\u00e4tzte Lesezeit":"3\u00a0Minuten"},"schema":{"@context":"https:\/\/schema.org","@graph":[{"@type":"WebPage","@id":"https:\/\/www.castiglioncelloturismo.com\/de\/kontakte-hotel-baia-del-sorriso\/","url":"https:\/\/www.castiglioncelloturismo.com\/de\/kontakte-hotel-baia-del-sorriso\/","name":"HOTEL BAIA DEL SORRISO: Hotel Baia Del Sorriso Castiglioncello","isPartOf":{"@id":"https:\/\/www.castiglioncelloturismo.com\/#website"},"datePublished":"2015-10-27T07:58:38+00:00","dateModified":"2018-05-18T13:51:37+00:00","description":"castiglioncelloturismo.com - F\u00fcr weitere Informationen \u00fcber Preise und Angebote f\u00fcr Ihre Ferien in Castiglioncello senden Sie uns eine Informationsanfrage","breadcrumb":{"@id":"https:\/\/www.castiglioncelloturismo.com\/de\/kontakte-hotel-baia-del-sorriso\/#breadcrumb"},"inLanguage":"de","potentialAction":[{"@type":"ReadAction","target":["https:\/\/www.castiglioncelloturismo.com\/de\/kontakte-hotel-baia-del-sorriso\/"]}]},{"@type":"BreadcrumbList","@id":"https:\/\/www.castiglioncelloturismo.com\/de\/kontakte-hotel-baia-del-sorriso\/#breadcrumb","itemListElement":[{"@type":"ListItem","position":1,"name":"Home","item":"https:\/\/www.castiglioncelloturismo.com\/de\/"},{"@type":"ListItem","position":2,"name":"Kontakte"}]},{"@type":"WebSite","@id":"https:\/\/www.castiglioncelloturismo.com\/#website","url":"https:\/\/www.castiglioncelloturismo.com\/","name":"Castiglioncello Turismo","description":"Hotel a Castiglioncello","potentialAction":[{"@type":"SearchAction","target":{"@type":"EntryPoint","urlTemplate":"https:\/\/www.castiglioncelloturismo.com\/?s={search_term_string}"},"query-input":"required name=search_term_string"}],"inLanguage":"de"}]}},"_links":{"self":[{"href":"https:\/\/www.castiglioncelloturismo.com\/de\/wp-json\/wp\/v2\/pages\/428"}],"collection":[{"href":"https:\/\/www.castiglioncelloturismo.com\/de\/wp-json\/wp\/v2\/pages"}],"about":[{"href":"https:\/\/www.castiglioncelloturismo.com\/de\/wp-json\/wp\/v2\/types\/page"}],"author":[{"embeddable":true,"href":"https:\/\/www.castiglioncelloturismo.com\/de\/wp-json\/wp\/v2\/users\/1"}],"replies":[{"embeddable":true,"href":"https:\/\/www.castiglioncelloturismo.com\/de\/wp-json\/wp\/v2\/comments?post=428"}],"version-history":[{"count":0,"href":"https:\/\/www.castiglioncelloturismo.com\/de\/wp-json\/wp\/v2\/pages\/428\/revisions"}],"wp:attachment":[{"href":"https:\/\/www.castiglioncelloturismo.com\/de\/wp-json\/wp\/v2\/media?parent=428"}],"curies":[{"name":"wp","href":"https:\/\/api.w.org\/{rel}","templated":true}]}}