{"id":443,"date":"2015-10-27T08:18:41","date_gmt":"2015-10-27T08:18:41","guid":{"rendered":"http:\/\/wp.castiglioncelloturismo.com\/de\/?page_id=443"},"modified":"2018-05-18T13:51:23","modified_gmt":"2018-05-18T13:51:23","slug":"blaue-flagge-castiglioncello","status":"publish","type":"page","link":"https:\/\/www.castiglioncelloturismo.com\/de\/blaue-flagge-castiglioncello\/","title":{"rendered":"Blaue Flagge"},"content":{"rendered":"<p>[vc_row el_class=&#8220;check-availability prenotadentro&#8220; css=&#8220;.vc_custom_1440565924131{margin-bottom: 0px !important;}&#8220;][vc_column offset=&#8220;vc_col-lg-3 vc_col-md-12&#8243; css=&#8220;.vc_custom_1444918023543{margin-top: 15px !important;}&#8220; enable_overlay=&#8220;true&#8220;][vc_column_text size=&#8220;0&#8243;]<\/p>\n<h2>JETZT<span id=\"result_box\" class=\"short_text\" lang=\"de\" tabindex=\"-1\"> BUCHEN<\/span><\/h2>\n<p>[\/vc_column_text][\/vc_column][vc_column el_class=&#8220;availability-form&#8220; offset=&#8220;vc_col-lg-9 vc_col-md-12&#8243;][vc_raw_html]JTNDZGl2JTIwY2xhc3MlM0QlMjJ3cGJfd3JhcHBlciUyMiUzRSUwQSUzQ2Zvcm0lMjBjbGFzcyUzRCUyMmFwYi1jaGVja2F2YWlsYWJsZS1zdWJtaXQlMjIlMjBhY3Rpb24lM0QlMjJodHRwcyUzQSUyRiUyRnd3dy5ib29raW5nLXJlc2VydmF0aW9ucy5jb20lMkZCRSUyRmRlZmF1bHQuYXNweCUyMiUyMG1ldGhvZCUzRCUyMkdFVCUyMiUzRSUwQSUzQ2RpdiUyMGNsYXNzJTNEJTIyYXZhaWxhYmlsaXR5LWZvcm0lMjIlM0UlMEElMDklM0NkaXYlMjBjbGFzcyUzRCUyMmF3ZS1jYWxlbmRhci13cmFwcGVyJTIyJTNFJTBBJTA5JTA5JTNDaW5wdXQlMjBpZCUzRCUyMmNhbGVuZGFyJTIyJTIwbmFtZSUzRCUyMmNoZWNraW4lMjIlMjBwbGFjZWhvbGRlciUzRCUyMkVpbmNoZWNrZW4lMjIlMjBjbGFzcyUzRCUyMmRhdGUtc3RhcnQtanMlMjBhcGItaW5wdXQlMjBhd2UtY2FsZW5kYXIlMjBoYXNEYXRlcGlja2VyJTIyJTIwdHlwZSUzRCUyMnRleHQlMjIlM0UlMEElMDklM0MlMkZkaXYlM0UlMEElMDklM0NkaXYlMjBjbGFzcyUzRCUyMmF3ZS1jYWxlbmRhci13cmFwcGVyJTIyJTNFJTBBJTA5JTA5JTNDaW5wdXQlMjBpZCUzRCUyMmNhbGVuZGFyMiUyMiUyMG5hbWUlM0QlMjJjaGVja291dCUyMiUyMHBsYWNlaG9sZGVyJTNEJTIyQXVzY2hlY2tlbiUyMiUyMGNsYXNzJTNEJTIyZGF0ZS1lbmQtanMlMjBhcGItaW5wdXQlMjBhd2UtY2FsZW5kYXIlMjBoYXNEYXRlcGlja2VyJTIyJTIwdHlwZSUzRCUyMnRleHQlMjIlM0UlMEElMDklM0MlMkZkaXYlM0UlMEElMDklM0NzZWxlY3QlMjBuYW1lJTNEJTIyYWR1bHRzJTIyJTIwY2xhc3MlM0QlMjJhd2Utc2VsZWN0JTIwYnMtc2VsZWN0LWhpZGRlbiUyMiUzRSUzQ29wdGlvbiUzRUVyd2FjaHNlbmUlM0MlMkZvcHRpb24lM0UlM0NvcHRpb24lMjB2YWx1ZSUzRCUyMjElMjIlM0UxJTNDJTJGb3B0aW9uJTNFJTNDb3B0aW9uJTIwdmFsdWUlM0QlMjIyJTIyJTNFMiUzQyUyRm9wdGlvbiUzRSUzQ29wdGlvbiUyMHZhbHVlJTNEJTIyMyUyMiUzRTMlM0MlMkZvcHRpb24lM0UlM0NvcHRpb24lMjB2YWx1ZSUzRCUyMjQlMjIlM0U0JTNDJTJGb3B0aW9uJTNFJTNDb3B0aW9uJTIwdmFsdWUlM0QlMjI1JTIyJTNFNSUzQyUyRm9wdGlvbiUzRSUzQ29wdGlvbiUyMHZhbHVlJTNEJTIyNiUyMiUzRTYlM0MlMkZvcHRpb24lM0UlM0MlMkZzZWxlY3QlM0UlMEElMDklM0NpbnB1dCUyMHR5cGUlM0QlMjJoaWRkZW4lMjIlMjBuYW1lJTNEJTIycm9vbXMlMjIlMjB2YWx1ZSUzRCUyMjElMjIlMjAlMkYlM0UlMEElMDklMDklMDklMDklMDklMDklMDklMDklMDklMDklM0NpbnB1dCUyMHR5cGUlM0QlMjJoaWRkZW4lMjIlMjBuYW1lJTNEJTIyY29kZSUyMiUyMHZhbHVlJTNEJTIyJTIyJTIwJTJGJTNFJTBBJTA5JTA5JTA5JTA5JTA5JTA5JTA5JTA5JTA5JTA5JTNDaW5wdXQlMjB0eXBlJTNEJTIyaGlkZGVuJTIyJTIwbmFtZSUzRCUyMnNyYyUyMiUyMHZhbHVlJTNEJTIyJTIyJTIwJTJGJTNFJTBBJTA5JTA5JTA5JTA5JTA5JTA5JTA5JTA5JTA5JTA5JTNDaW5wdXQlMjB0eXBlJTNEJTIyaGlkZGVuJTIyJTIwbmFtZSUzRCUyMnBiJTIyJTIwdmFsdWUlM0QlMjIxJTIyJTIwJTJGJTNFJTBBJTA5JTA5JTA5JTA5JTA5JTA5JTA5JTA5JTA5JTA5JTBBJTA5JTA5JTA5JTA5JTA5JTA5JTA5JTA5JTA5JTA5JTNDaW5wdXQlMjB0eXBlJTNEJTIyaGlkZGVuJTIyJTIwbmFtZSUzRCUyMnRiZSUyMiUyMHZhbHVlJTNEJTIyQk5FJTIyJTIwJTJGJTNFJTBBJTA5JTA5JTA5JTA5JTA5JTA5JTA5JTA5JTA5JTA5JTNDaW5wdXQlMjB0eXBlJTNEJTIyaGlkZGVuJTIyJTIwbmFtZSUzRCUyMmxuZyUyMiUyMHZhbHVlJTNEJTIyZGUlMjIlMjAlMkYlM0UlMEElMDklMDklMDklMDklMDklMDklMDklMDklMDklMDklM0NpbnB1dCUyMHR5cGUlM0QlMjJoaWRkZW4lMjIlMjBuYW1lJTNEJTIyc2lkJTIyJTIwdmFsdWUlM0QlMjI1ZDgwMjQ1MC0wZTcwLTQ5NDUtOWMzNS1iZTg4NGVjZmM1MWYlMjIlMjAlMkYlM0UlMEElMDklM0NkaXYlMjBjbGFzcyUzRCUyMnZhaWxhYmlsaXR5LXN1Ym1pdCUyMiUzRSUzQ2J1dHRvbiUyMHR5cGUlM0QlMjJzdWJtaXQlMjIlMjBjbGFzcyUzRCUyMmF3ZS1idG4lMjBhd2UtYnRuLWxhcmdlJTIyJTNFQU5GUkFHRSUyMElORk9STUFUSU9ORU4lM0MlMkZidXR0b24lM0UlM0MlMkZkaXYlM0UlMEElM0MlMkZkaXYlM0UlMEElM0MlMkZmb3JtJTNFJTBBJTNDJTJGZGl2JTNF[\/vc_raw_html][\/vc_column][\/vc_row][vc_row full_width=&#8220;stretch_row&#8220; parallax=&#8220;content-moving&#8220; parallax_image=&#8220;14&#8243; bg_overlay=&#8220;rgba(0,0,0,0.3)&#8220; enable_overlay=&#8220;true&#8220; css=&#8220;.vc_custom_1440558250730{padding-top: 150px !important;padding-bottom: 80px !important;}&#8220;][vc_column]<div class=\"awe-special-heading text-center\" style=\"color:#ffffff;\"><h2>BLAUE FLAGGE CASTIGLIONCELLO<\/h2><div class=\"awe-subheading below\"><p>Beach holidays, of Blue Flag beaches and coasts<\/p><\/div><\/div>[\/vc_column][\/vc_row][vc_row][vc_column width=&#8220;1\/2&#8243;][vc_empty_space height=&#8220;60px&#8220;][vc_single_image image=&#8220;316&#8243; img_size=&#8220;full&#8220;][\/vc_column][vc_column width=&#8220;1\/2&#8243;]<div class=\"awe-special-heading text-left\"><h3>DAS MEER UND DIE CLIFF<\/h3><\/div>[vc_column_text size=&#8220;0&#8243;]Die ersten Siedlungen um (das heutige) Cecina gehen auf die Eisenzeit zur\u00fcck: zahlreiche arch\u00e4ologische Funde aus jener Epoche zeugen von einem regen handwerklichen Schaffen; an zahlreichen Stellen entlang des Flusses (Cecina) wurden Steinwerkzeuge fabriziert.<br \/>\nDas K\u00fcstengebiet im Tal Val di Cecina wurde w\u00e4hrend der h\u00f6chsten Entfaltung der etruskischen Kultur (VII. \u2013 V. vorchr. Jahrh.) zu einem Knotenpunkt, als die ersten festen Niederlassungen entstanden, die durch den Handel mit Zypern, Griechenland, \u00c4gypten sowie mit den Ph\u00f6niziern Wohlstand erlangten. Ein Zeugnis davon geben die zahlreichen Grabst\u00e4tten auf dem Gemeindeland von Cecina, Casale Marittimo, Montescudaio und Bibbona.<br \/>\nBesondere Beachtung verdient hierbei die \u201cVilla Cinquantina\u201d, ein Bau aus dem 18.Jahrhundert und heutzutage Sitz des <em>Museo Etrusco Romano<\/em>. In den 60igern entwickelt sich an der K\u00fcste ein internationaler Fremdenverkehr. In diesem Zeitraum entstehen moderne, komfortabel eingerichtete Hotelstrukturen, Restaurants mit den Meeresspezialit\u00e4ten der Gegend, Strandb\u00e4der und Campingpl\u00e4tze, die f\u00fcr ein erhebliches Wirtschaftswachstum der Gegend sorgen.<\/p>\n<p>Entlang der \u201cCosta degli Etruschi\u201d erstreckt sich auf 15 Km der ber\u00fchmte, landschaftlich besonders reizvolle Pinienhain von Cecina, der auf Gehei\u00df des Toskanischen Erzherzogs Leopold angepflanzt wurde, um die dahinter liegenden Anbaufl\u00e4chen vor den salzhaltigen Meereswinden zu sch\u00fctzen.[\/vc_column_text][\/vc_column][\/vc_row][vc_row][vc_column width=&#8220;1\/2&#8243;]<div class=\"awe-special-heading text-left\"><h3>BLAUE FLAGGE<\/h3><\/div>[vc_column_text size=&#8220;0&#8243;]\u201eBandiere Blu\u201d (blaue Flaggen) von der <em>Foundation for Environmetal Education (FEE) <\/em>in Zusammenarbeit mit <em>COBAT<\/em>. In Italien liegt die Toskana mit 18 \u201cBandiera Blu\u201d an erster Stelle. Mit dieser Flaggen-Vergabe hat die FEE diejenigen \u00f6ffentlichen Verwaltungen ausgezeichnet, die sich verst\u00e4rkt f\u00fcr eine bessere Umwelt einsetzten, indem sie einen umweltvertr\u00e4glichen, vertretbaren Tourismus f\u00f6rderten. Bei der Beurteilung wurden folgende Kriterien herangezogen: die Daten \u00fcber die Badegew\u00e4sser, das Vorhandensein und die Effizienz von Kl\u00e4ranlagen, M\u00fcllentsorgung, getrennter M\u00fcllabfuhr sowie Entsorgung von Schadstoffen, von der Verwaltung gef\u00f6rderte Umweltschutzinitiativen,\u00a0 \u00f6ffentliche Gemeinde- und Strandanlagen, uneingeschr\u00e4nkter Zutritt zum Meer und die Unterst\u00fctzung von Umwelterziehungsprogrammen f\u00fcr Schulen, Touristen und Mitb\u00fcrger; des weiteren die Organisation von Kongressen, Ausstellungen und Schulungskursen hinsichtlich Umweltproblematiken.[\/vc_column_text][\/vc_column][vc_column width=&#8220;1\/2&#8243;][vc_single_image image=&#8220;319&#8243; img_size=&#8220;full&#8220;][\/vc_column][\/vc_row][vc_row full_width=&#8220;stretch_row&#8220; parallax=&#8220;content-moving&#8220; parallax_image=&#8220;258&#8243; bg_overlay=&#8220;rgba(0,0,0,0.3)&#8220; css=&#8220;.vc_custom_1444920499064{padding-top: 100px !important;padding-bottom: 100px !important;background-position: center;background-repeat: no-repeat !important;background-size: cover !important;}&#8220; enable_overlay=&#8220;true&#8220;][vc_column][vc_column_text size=&#8220;35&#8243; css_animation=&#8220;appear&#8220;]<\/p>\n<h3 style=\"color: white; font-weight: bold; text-align: center;\">Die einzigartige Lage mit Blick auf die Klippen von Baia del Sorriso ist der ideale Ort f\u00fcr Urlaub voller Entspannung in einem einzigartigen und unvergesslichen &#8230;<\/h3>\n<p>[\/vc_column_text][\/vc_column][\/vc_row][vc_row][vc_column width=&#8220;1\/2&#8243;]<div class=\"awe-special-heading text-left\" style=\"padding-bottom:20px;\"><h2>CASTIGLIONCELLO<\/h2><div class=\"awe-subheading below\"><p>Un mare con la Bandiera Blu<\/p><\/div><\/div>[vc_single_image image=&#8220;281&#8243; img_size=&#8220;full&#8220;][vc_single_image image=&#8220;199&#8243; img_size=&#8220;full&#8220;][\/vc_column][vc_column width=&#8220;1\/2&#8243;]<div class=\"awe-special-heading text-left\" style=\"padding-bottom:20px;\"><h2>ANGEBOTE<\/h2><div class=\"awe-subheading below\"><p>Sparen Sie mit Baia del Sorriso<\/p><\/div><\/div>    <div class=\"awe-posts\">\n\t\t\t\t<!-- ITEM -->\n\t\t\t<div class=\"news-item\">\n\t\t\t\t<div class=\"img\">\n\t\t\t\t\t<a href=\"https:\/\/www.castiglioncelloturismo.com\/de\/april-am-meer\/\"><img loading=\"lazy\" decoding=\"async\" width=\"370\" height=\"230\" src=\"https:\/\/www.castiglioncelloturismo.com\/wp-content\/uploads\/2015\/12\/12003333_10154230881784237_4558926053770322258_n-370x230.jpg\" class=\"attachment-awe-post-sc size-awe-post-sc wp-post-image\" alt=\"\" \/><\/a>\n\t\t\t\t<\/div>\n\t\t\t\t<div class=\"text\">\n\t\t\t\t\t<span class=\"date\">April 5, 2016<\/span>\n\t\t\t\t\t<h3><a href=\"https:\/\/www.castiglioncelloturismo.com\/de\/april-am-meer\/\">APRIL AM MEER<\/a><\/h3>\n\t\t\t\t\t<a href=\"https:\/\/www.castiglioncelloturismo.com\/de\/april-am-meer\/\" class=\"read-more\">[ Read More ]<\/a>\n\t\t\t\t<\/div>\n\t\t\t<\/div>\n\t\t\t<!-- END \/ ITEM -->\n\t\t\t\t\t\t<!-- ITEM -->\n\t\t\t<div class=\"news-item\">\n\t\t\t\t<div class=\"img\">\n\t\t\t\t\t<a href=\"https:\/\/www.castiglioncelloturismo.com\/de\/sonderangebote-mai-2016\/\"><img loading=\"lazy\" decoding=\"async\" width=\"370\" height=\"230\" src=\"https:\/\/www.castiglioncelloturismo.com\/wp-content\/uploads\/2016\/02\/6247-Vista-panoramica-dal-terrazzo-piano-secondo-370x230.jpg\" class=\"attachment-awe-post-sc size-awe-post-sc wp-post-image\" alt=\"\" \/><\/a>\n\t\t\t\t<\/div>\n\t\t\t\t<div class=\"text\">\n\t\t\t\t\t<span class=\"date\">April 5, 2016<\/span>\n\t\t\t\t\t<h3><a href=\"https:\/\/www.castiglioncelloturismo.com\/de\/sonderangebote-mai-2016\/\">SONDERANGEBOTE MAI 2016<\/a><\/h3>\n\t\t\t\t\t<a href=\"https:\/\/www.castiglioncelloturismo.com\/de\/sonderangebote-mai-2016\/\" class=\"read-more\">[ Read More ]<\/a>\n\t\t\t\t<\/div>\n\t\t\t<\/div>\n\t\t\t<!-- END \/ ITEM -->\n\t\t\t\t\t\t<!-- ITEM -->\n\t\t\t<div class=\"news-item\">\n\t\t\t\t<div class=\"img\">\n\t\t\t\t\t<a href=\"https:\/\/www.castiglioncelloturismo.com\/de\/juni-2016-traumurlaub-toskana\/\"><img loading=\"lazy\" decoding=\"async\" width=\"370\" height=\"230\" src=\"https:\/\/www.castiglioncelloturismo.com\/wp-content\/uploads\/2015\/12\/12003333_10154230881784237_4558926053770322258_n-370x230.jpg\" class=\"attachment-awe-post-sc size-awe-post-sc wp-post-image\" alt=\"\" \/><\/a>\n\t\t\t\t<\/div>\n\t\t\t\t<div class=\"text\">\n\t\t\t\t\t<span class=\"date\">April 5, 2016<\/span>\n\t\t\t\t\t<h3><a href=\"https:\/\/www.castiglioncelloturismo.com\/de\/juni-2016-traumurlaub-toskana\/\">JUNI 2016  Traumurlaub in Toskana<\/a><\/h3>\n\t\t\t\t\t<a href=\"https:\/\/www.castiglioncelloturismo.com\/de\/juni-2016-traumurlaub-toskana\/\" class=\"read-more\">[ Read More ]<\/a>\n\t\t\t\t<\/div>\n\t\t\t<\/div>\n\t\t\t<!-- END \/ ITEM -->\n\t\t\t    <\/div>\n\t<div class=\"awe-btn-container awe-btn-left\"><a class=\"awe-btn awe-btn-normal awe-btn-outline\" href=\"\/category\/offerte\/\" title=\"\" style=\"color:#000000;border-color:#000000;\">Alle Angebote<\/a><\/div>[\/vc_column][\/vc_row]<\/p>\n","protected":false},"excerpt":{"rendered":"<p>[vc_row el_class=&#8220;check-availability prenotadentro&#8220; css=&#8220;.vc_custom_1440565924131{margin-bottom: 0px !important;}&#8220;][vc_column offset=&#8220;vc_col-lg-3 vc_col-md-12&#8243; css=&#8220;.vc_custom_1444918023543{margin-top: 15px !important;}&#8220; enable_overlay=&#8220;true&#8220;][vc_column_text size=&#8220;0&#8243;] JETZT BUCHEN [\/vc_column_text][\/vc_column][vc_column el_class=&#8220;availability-form&#8220; offset=&#8220;vc_col-lg-9 vc_col-md-12&#8243;][vc_raw_html]JTNDZGl2JTIwY2xhc3MlM0QlMjJ3cGJfd3JhcHBlciUyMiUzRSUwQSUzQ2Zvcm0lMjBjbGFzcyUzRCUyMmFwYi1jaGVja2F2YWlsYWJsZS1zdWJtaXQlMjIlMjBhY3Rpb24lM0QlMjJodHRwcyUzQSUyRiUyRnd3dy5ib29raW5nLXJlc2VydmF0aW9ucy5jb20lMkZCRSUyRmRlZmF1bHQuYXNweCUyMiUyMG1ldGhvZCUzRCUyMkdFVCUyMiUzRSUwQSUzQ2RpdiUyMGNsYXNzJTNEJTIyYXZhaWxhYmlsaXR5LWZvcm0lMjIlM0UlMEElMDklM0NkaXYlMjBjbGFzcyUzRCUyMmF3ZS1jYWxlbmRhci13cmFwcGVyJTIyJTNFJTBBJTA5JTA5JTNDaW5wdXQlMjBpZCUzRCUyMmNhbGVuZGFyJTIyJTIwbmFtZSUzRCUyMmNoZWNraW4lMjIlMjBwbGFjZWhvbGRlciUzRCUyMkVpbmNoZWNrZW4lMjIlMjBjbGFzcyUzRCUyMmRhdGUtc3RhcnQtanMlMjBhcGItaW5wdXQlMjBhd2UtY2FsZW5kYXIlMjBoYXNEYXRlcGlja2VyJTIyJTIwdHlwZSUzRCUyMnRleHQlMjIlM0UlMEElMDklM0MlMkZkaXYlM0UlMEElMDklM0NkaXYlMjBjbGFzcyUzRCUyMmF3ZS1jYWxlbmRhci13cmFwcGVyJTIyJTNFJTBBJTA5JTA5JTNDaW5wdXQlMjBpZCUzRCUyMmNhbGVuZGFyMiUyMiUyMG5hbWUlM0QlMjJjaGVja291dCUyMiUyMHBsYWNlaG9sZGVyJTNEJTIyQXVzY2hlY2tlbiUyMiUyMGNsYXNzJTNEJTIyZGF0ZS1lbmQtanMlMjBhcGItaW5wdXQlMjBhd2UtY2FsZW5kYXIlMjBoYXNEYXRlcGlja2VyJTIyJTIwdHlwZSUzRCUyMnRleHQlMjIlM0UlMEElMDklM0MlMkZkaXYlM0UlMEElMDklM0NzZWxlY3QlMjBuYW1lJTNEJTIyYWR1bHRzJTIyJTIwY2xhc3MlM0QlMjJhd2Utc2VsZWN0JTIwYnMtc2VsZWN0LWhpZGRlbiUyMiUzRSUzQ29wdGlvbiUzRUVyd2FjaHNlbmUlM0MlMkZvcHRpb24lM0UlM0NvcHRpb24lMjB2YWx1ZSUzRCUyMjElMjIlM0UxJTNDJTJGb3B0aW9uJTNFJTNDb3B0aW9uJTIwdmFsdWUlM0QlMjIyJTIyJTNFMiUzQyUyRm9wdGlvbiUzRSUzQ29wdGlvbiUyMHZhbHVlJTNEJTIyMyUyMiUzRTMlM0MlMkZvcHRpb24lM0UlM0NvcHRpb24lMjB2YWx1ZSUzRCUyMjQlMjIlM0U0JTNDJTJGb3B0aW9uJTNFJTNDb3B0aW9uJTIwdmFsdWUlM0QlMjI1JTIyJTNFNSUzQyUyRm9wdGlvbiUzRSUzQ29wdGlvbiUyMHZhbHVlJTNEJTIyNiUyMiUzRTYlM0MlMkZvcHRpb24lM0UlM0MlMkZzZWxlY3QlM0UlMEElMDklM0NpbnB1dCUyMHR5cGUlM0QlMjJoaWRkZW4lMjIlMjBuYW1lJTNEJTIycm9vbXMlMjIlMjB2YWx1ZSUzRCUyMjElMjIlMjAlMkYlM0UlMEElMDklMDklMDklMDklMDklMDklMDklMDklMDklMDklM0NpbnB1dCUyMHR5cGUlM0QlMjJoaWRkZW4lMjIlMjBuYW1lJTNEJTIyY29kZSUyMiUyMHZhbHVlJTNEJTIyJTIyJTIwJTJGJTNFJTBBJTA5JTA5JTA5JTA5JTA5JTA5JTA5JTA5JTA5JTA5JTNDaW5wdXQlMjB0eXBlJTNEJTIyaGlkZGVuJTIyJTIwbmFtZSUzRCUyMnNyYyUyMiUyMHZhbHVlJTNEJTIyJTIyJTIwJTJGJTNFJTBBJTA5JTA5JTA5JTA5JTA5JTA5JTA5JTA5JTA5JTA5JTNDaW5wdXQlMjB0eXBlJTNEJTIyaGlkZGVuJTIyJTIwbmFtZSUzRCUyMnBiJTIyJTIwdmFsdWUlM0QlMjIxJTIyJTIwJTJGJTNFJTBBJTA5JTA5JTA5JTA5JTA5JTA5JTA5JTA5JTA5JTA5JTBBJTA5JTA5JTA5JTA5JTA5JTA5JTA5JTA5JTA5JTA5JTNDaW5wdXQlMjB0eXBlJTNEJTIyaGlkZGVuJTIyJTIwbmFtZSUzRCUyMnRiZSUyMiUyMHZhbHVlJTNEJTIyQk5FJTIyJTIwJTJGJTNFJTBBJTA5JTA5JTA5JTA5JTA5JTA5JTA5JTA5JTA5JTA5JTNDaW5wdXQlMjB0eXBlJTNEJTIyaGlkZGVuJTIyJTIwbmFtZSUzRCUyMmxuZyUyMiUyMHZhbHVlJTNEJTIyZGUlMjIlMjAlMkYlM0UlMEElMDklMDklMDklMDklMDklMDklMDklMDklMDklMDklM0NpbnB1dCUyMHR5cGUlM0QlMjJoaWRkZW4lMjIlMjBuYW1lJTNEJTIyc2lkJTIyJTIwdmFsdWUlM0QlMjI1ZDgwMjQ1MC0wZTcwLTQ5NDUtOWMzNS1iZTg4NGVjZmM1MWYlMjIlMjAlMkYlM0UlMEElMDklM0NkaXYlMjBjbGFzcyUzRCUyMnZhaWxhYmlsaXR5LXN1Ym1pdCUyMiUzRSUzQ2J1dHRvbiUyMHR5cGUlM0QlMjJzdWJtaXQlMjIlMjBjbGFzcyUzRCUyMmF3ZS1idG4lMjBhd2UtYnRuLWxhcmdlJTIyJTNFQU5GUkFHRSUyMElORk9STUFUSU9ORU4lM0MlMkZidXR0b24lM0UlM0MlMkZkaXYlM0UlMEElM0MlMkZkaXYlM0UlMEElM0MlMkZmb3JtJTNFJTBBJTNDJTJGZGl2JTNF[\/vc_raw_html][\/vc_column][\/vc_row][vc_row full_width=&#8220;stretch_row&#8220; parallax=&#8220;content-moving&#8220; parallax_image=&#8220;14&#8243; bg_overlay=&#8220;rgba(0,0,0,0.3)&#8220; enable_overlay=&#8220;true&#8220; css=&#8220;.vc_custom_1440558250730{padding-top: 150px !important;padding-bottom: 80px !important;}&#8220;][vc_column][\/vc_column][\/vc_row][vc_row][vc_column width=&#8220;1\/2&#8243;][vc_empty_space height=&#8220;60px&#8220;][vc_single_image image=&#8220;316&#8243; img_size=&#8220;full&#8220;][\/vc_column][vc_column width=&#8220;1\/2&#8243;][vc_column_text size=&#8220;0&#8243;]Die ersten Siedlungen um (das heutige) Cecina gehen auf die Eisenzeit zur\u00fcck: zahlreiche arch\u00e4ologische Funde aus jener Epoche zeugen von einem&#8230;<\/p>\n","protected":false},"author":1,"featured_media":0,"parent":0,"menu_order":0,"comment_status":"closed","ping_status":"closed","template":"","meta":{"footnotes":"","_expiration-date-status":"saved","_expiration-date":0,"_expiration-date-type":"","_expiration-date-categories":[],"_expiration-date-options":[]},"class_list":["post-443","page","type-page","status-publish","hentry"],"yoast_head":"<!-- This site is optimized with the Yoast SEO plugin v19.9 - https:\/\/yoast.com\/wordpress\/plugins\/seo\/ -->\n<title>CASTIGLIONCELLO BLAUE FLAGGE: Hotel Baia del Sorriso Castiglioncello<\/title>\n<meta name=\"description\" content=\"castiglioncelloturismo.com - Castiglioncello ist ein beliebtes Touristenziel mit der Blauen Flagge f\u00fcr mehrere Jahre f\u00fcr die Qualit\u00e4t seines Wassers und seine touristischen Dienstleistungen verliehen.\" \/>\n<meta name=\"robots\" content=\"index, follow, max-snippet:-1, max-image-preview:large, max-video-preview:-1\" \/>\n<link rel=\"canonical\" href=\"https:\/\/www.castiglioncelloturismo.com\/de\/blaue-flagge-castiglioncello\/\" \/>\n<meta property=\"og:locale\" content=\"de_DE\" \/>\n<meta property=\"og:type\" content=\"article\" \/>\n<meta property=\"og:title\" content=\"CASTIGLIONCELLO BLAUE FLAGGE: Hotel Baia del Sorriso Castiglioncello\" \/>\n<meta property=\"og:description\" content=\"castiglioncelloturismo.com - Castiglioncello ist ein beliebtes Touristenziel mit der Blauen Flagge f\u00fcr mehrere Jahre f\u00fcr die Qualit\u00e4t seines Wassers und seine touristischen Dienstleistungen verliehen.\" \/>\n<meta property=\"og:url\" content=\"https:\/\/www.castiglioncelloturismo.com\/de\/blaue-flagge-castiglioncello\/\" \/>\n<meta property=\"og:site_name\" content=\"Castiglioncello Turismo\" \/>\n<meta property=\"article:modified_time\" content=\"2018-05-18T13:51:23+00:00\" \/>\n<meta name=\"twitter:card\" content=\"summary_large_image\" \/>\n<meta name=\"twitter:label1\" content=\"Gesch\u00e4tzte Lesezeit\" \/>\n\t<meta name=\"twitter:data1\" content=\"5\u00a0Minuten\" \/>\n<script type=\"application\/ld+json\" class=\"yoast-schema-graph\">{\"@context\":\"https:\/\/schema.org\",\"@graph\":[{\"@type\":\"WebPage\",\"@id\":\"https:\/\/www.castiglioncelloturismo.com\/de\/blaue-flagge-castiglioncello\/\",\"url\":\"https:\/\/www.castiglioncelloturismo.com\/de\/blaue-flagge-castiglioncello\/\",\"name\":\"CASTIGLIONCELLO BLAUE FLAGGE: Hotel Baia del Sorriso Castiglioncello\",\"isPartOf\":{\"@id\":\"https:\/\/www.castiglioncelloturismo.com\/#website\"},\"datePublished\":\"2015-10-27T08:18:41+00:00\",\"dateModified\":\"2018-05-18T13:51:23+00:00\",\"description\":\"castiglioncelloturismo.com - Castiglioncello ist ein beliebtes Touristenziel mit der Blauen Flagge f\u00fcr mehrere Jahre f\u00fcr die Qualit\u00e4t seines Wassers und seine touristischen Dienstleistungen verliehen.\",\"breadcrumb\":{\"@id\":\"https:\/\/www.castiglioncelloturismo.com\/de\/blaue-flagge-castiglioncello\/#breadcrumb\"},\"inLanguage\":\"de\",\"potentialAction\":[{\"@type\":\"ReadAction\",\"target\":[\"https:\/\/www.castiglioncelloturismo.com\/de\/blaue-flagge-castiglioncello\/\"]}]},{\"@type\":\"BreadcrumbList\",\"@id\":\"https:\/\/www.castiglioncelloturismo.com\/de\/blaue-flagge-castiglioncello\/#breadcrumb\",\"itemListElement\":[{\"@type\":\"ListItem\",\"position\":1,\"name\":\"Home\",\"item\":\"https:\/\/www.castiglioncelloturismo.com\/de\/\"},{\"@type\":\"ListItem\",\"position\":2,\"name\":\"Blaue Flagge\"}]},{\"@type\":\"WebSite\",\"@id\":\"https:\/\/www.castiglioncelloturismo.com\/#website\",\"url\":\"https:\/\/www.castiglioncelloturismo.com\/\",\"name\":\"Castiglioncello Turismo\",\"description\":\"Hotel a Castiglioncello\",\"potentialAction\":[{\"@type\":\"SearchAction\",\"target\":{\"@type\":\"EntryPoint\",\"urlTemplate\":\"https:\/\/www.castiglioncelloturismo.com\/?s={search_term_string}\"},\"query-input\":\"required name=search_term_string\"}],\"inLanguage\":\"de\"}]}<\/script>\n<!-- \/ Yoast SEO plugin. -->","yoast_head_json":{"title":"CASTIGLIONCELLO BLAUE FLAGGE: Hotel Baia del Sorriso Castiglioncello","description":"castiglioncelloturismo.com - Castiglioncello ist ein beliebtes Touristenziel mit der Blauen Flagge f\u00fcr mehrere Jahre f\u00fcr die Qualit\u00e4t seines Wassers und seine touristischen Dienstleistungen verliehen.","robots":{"index":"index","follow":"follow","max-snippet":"max-snippet:-1","max-image-preview":"max-image-preview:large","max-video-preview":"max-video-preview:-1"},"canonical":"https:\/\/www.castiglioncelloturismo.com\/de\/blaue-flagge-castiglioncello\/","og_locale":"de_DE","og_type":"article","og_title":"CASTIGLIONCELLO BLAUE FLAGGE: Hotel Baia del Sorriso Castiglioncello","og_description":"castiglioncelloturismo.com - Castiglioncello ist ein beliebtes Touristenziel mit der Blauen Flagge f\u00fcr mehrere Jahre f\u00fcr die Qualit\u00e4t seines Wassers und seine touristischen Dienstleistungen verliehen.","og_url":"https:\/\/www.castiglioncelloturismo.com\/de\/blaue-flagge-castiglioncello\/","og_site_name":"Castiglioncello Turismo","article_modified_time":"2018-05-18T13:51:23+00:00","twitter_card":"summary_large_image","twitter_misc":{"Gesch\u00e4tzte Lesezeit":"5\u00a0Minuten"},"schema":{"@context":"https:\/\/schema.org","@graph":[{"@type":"WebPage","@id":"https:\/\/www.castiglioncelloturismo.com\/de\/blaue-flagge-castiglioncello\/","url":"https:\/\/www.castiglioncelloturismo.com\/de\/blaue-flagge-castiglioncello\/","name":"CASTIGLIONCELLO BLAUE FLAGGE: Hotel Baia del Sorriso Castiglioncello","isPartOf":{"@id":"https:\/\/www.castiglioncelloturismo.com\/#website"},"datePublished":"2015-10-27T08:18:41+00:00","dateModified":"2018-05-18T13:51:23+00:00","description":"castiglioncelloturismo.com - Castiglioncello ist ein beliebtes Touristenziel mit der Blauen Flagge f\u00fcr mehrere Jahre f\u00fcr die Qualit\u00e4t seines Wassers und seine touristischen Dienstleistungen verliehen.","breadcrumb":{"@id":"https:\/\/www.castiglioncelloturismo.com\/de\/blaue-flagge-castiglioncello\/#breadcrumb"},"inLanguage":"de","potentialAction":[{"@type":"ReadAction","target":["https:\/\/www.castiglioncelloturismo.com\/de\/blaue-flagge-castiglioncello\/"]}]},{"@type":"BreadcrumbList","@id":"https:\/\/www.castiglioncelloturismo.com\/de\/blaue-flagge-castiglioncello\/#breadcrumb","itemListElement":[{"@type":"ListItem","position":1,"name":"Home","item":"https:\/\/www.castiglioncelloturismo.com\/de\/"},{"@type":"ListItem","position":2,"name":"Blaue Flagge"}]},{"@type":"WebSite","@id":"https:\/\/www.castiglioncelloturismo.com\/#website","url":"https:\/\/www.castiglioncelloturismo.com\/","name":"Castiglioncello Turismo","description":"Hotel a Castiglioncello","potentialAction":[{"@type":"SearchAction","target":{"@type":"EntryPoint","urlTemplate":"https:\/\/www.castiglioncelloturismo.com\/?s={search_term_string}"},"query-input":"required name=search_term_string"}],"inLanguage":"de"}]}},"_links":{"self":[{"href":"https:\/\/www.castiglioncelloturismo.com\/de\/wp-json\/wp\/v2\/pages\/443"}],"collection":[{"href":"https:\/\/www.castiglioncelloturismo.com\/de\/wp-json\/wp\/v2\/pages"}],"about":[{"href":"https:\/\/www.castiglioncelloturismo.com\/de\/wp-json\/wp\/v2\/types\/page"}],"author":[{"embeddable":true,"href":"https:\/\/www.castiglioncelloturismo.com\/de\/wp-json\/wp\/v2\/users\/1"}],"replies":[{"embeddable":true,"href":"https:\/\/www.castiglioncelloturismo.com\/de\/wp-json\/wp\/v2\/comments?post=443"}],"version-history":[{"count":0,"href":"https:\/\/www.castiglioncelloturismo.com\/de\/wp-json\/wp\/v2\/pages\/443\/revisions"}],"wp:attachment":[{"href":"https:\/\/www.castiglioncelloturismo.com\/de\/wp-json\/wp\/v2\/media?parent=443"}],"curies":[{"name":"wp","href":"https:\/\/api.w.org\/{rel}","templated":true}]}}