{"id":447,"date":"2015-10-27T08:31:53","date_gmt":"2015-10-27T08:31:53","guid":{"rendered":"http:\/\/wp.castiglioncelloturismo.com\/de\/?page_id=447"},"modified":"2018-05-18T13:51:28","modified_gmt":"2018-05-18T13:51:28","slug":"badehaus-lunabanana","status":"publish","type":"page","link":"https:\/\/www.castiglioncelloturismo.com\/de\/badehaus-lunabanana\/","title":{"rendered":"Badehaus Lunabanana &#8211; in Rosignano Solvay"},"content":{"rendered":"<p>[vc_row el_class=&#8220;check-availability prenotadentro&#8220; css=&#8220;.vc_custom_1440565924131{margin-bottom: 0px !important;}&#8220;][vc_column offset=&#8220;vc_col-lg-3 vc_col-md-12&#8243; css=&#8220;.vc_custom_1444918023543{margin-top: 15px !important;}&#8220; enable_overlay=&#8220;true&#8220;][vc_column_text size=&#8220;0&#8243;]<\/p>\n<h2>JETZT<span id=\"result_box\" class=\"short_text\" lang=\"de\" tabindex=\"-1\"> BUCHEN<\/span><\/h2>\n<p>[\/vc_column_text][\/vc_column][vc_column el_class=&#8220;availability-form&#8220; offset=&#8220;vc_col-lg-9 vc_col-md-12&#8243;][vc_raw_html]JTNDZGl2JTIwY2xhc3MlM0QlMjJ3cGJfd3JhcHBlciUyMiUzRSUwQSUzQ2Zvcm0lMjBjbGFzcyUzRCUyMmFwYi1jaGVja2F2YWlsYWJsZS1zdWJtaXQlMjIlMjBhY3Rpb24lM0QlMjJodHRwcyUzQSUyRiUyRnd3dy5ib29raW5nLXJlc2VydmF0aW9ucy5jb20lMkZCRSUyRmRlZmF1bHQuYXNweCUyMiUyMG1ldGhvZCUzRCUyMkdFVCUyMiUzRSUwQSUzQ2RpdiUyMGNsYXNzJTNEJTIyYXZhaWxhYmlsaXR5LWZvcm0lMjIlM0UlMEElMDklM0NkaXYlMjBjbGFzcyUzRCUyMmF3ZS1jYWxlbmRhci13cmFwcGVyJTIyJTNFJTBBJTA5JTA5JTNDaW5wdXQlMjBpZCUzRCUyMmNhbGVuZGFyJTIyJTIwbmFtZSUzRCUyMmNoZWNraW4lMjIlMjBwbGFjZWhvbGRlciUzRCUyMkVpbmNoZWNrZW4lMjIlMjBjbGFzcyUzRCUyMmRhdGUtc3RhcnQtanMlMjBhcGItaW5wdXQlMjBhd2UtY2FsZW5kYXIlMjBoYXNEYXRlcGlja2VyJTIyJTIwdHlwZSUzRCUyMnRleHQlMjIlM0UlMEElMDklM0MlMkZkaXYlM0UlMEElMDklM0NkaXYlMjBjbGFzcyUzRCUyMmF3ZS1jYWxlbmRhci13cmFwcGVyJTIyJTNFJTBBJTA5JTA5JTNDaW5wdXQlMjBpZCUzRCUyMmNhbGVuZGFyMiUyMiUyMG5hbWUlM0QlMjJjaGVja291dCUyMiUyMHBsYWNlaG9sZGVyJTNEJTIyQXVzY2hlY2tlbiUyMiUyMGNsYXNzJTNEJTIyZGF0ZS1lbmQtanMlMjBhcGItaW5wdXQlMjBhd2UtY2FsZW5kYXIlMjBoYXNEYXRlcGlja2VyJTIyJTIwdHlwZSUzRCUyMnRleHQlMjIlM0UlMEElMDklM0MlMkZkaXYlM0UlMEElMDklM0NzZWxlY3QlMjBuYW1lJTNEJTIyYWR1bHRzJTIyJTIwY2xhc3MlM0QlMjJhd2Utc2VsZWN0JTIwYnMtc2VsZWN0LWhpZGRlbiUyMiUzRSUzQ29wdGlvbiUzRUVyd2FjaHNlbmUlM0MlMkZvcHRpb24lM0UlM0NvcHRpb24lMjB2YWx1ZSUzRCUyMjElMjIlM0UxJTNDJTJGb3B0aW9uJTNFJTNDb3B0aW9uJTIwdmFsdWUlM0QlMjIyJTIyJTNFMiUzQyUyRm9wdGlvbiUzRSUzQ29wdGlvbiUyMHZhbHVlJTNEJTIyMyUyMiUzRTMlM0MlMkZvcHRpb24lM0UlM0NvcHRpb24lMjB2YWx1ZSUzRCUyMjQlMjIlM0U0JTNDJTJGb3B0aW9uJTNFJTNDb3B0aW9uJTIwdmFsdWUlM0QlMjI1JTIyJTNFNSUzQyUyRm9wdGlvbiUzRSUzQ29wdGlvbiUyMHZhbHVlJTNEJTIyNiUyMiUzRTYlM0MlMkZvcHRpb24lM0UlM0MlMkZzZWxlY3QlM0UlMEElMDklM0NpbnB1dCUyMHR5cGUlM0QlMjJoaWRkZW4lMjIlMjBuYW1lJTNEJTIycm9vbXMlMjIlMjB2YWx1ZSUzRCUyMjElMjIlMjAlMkYlM0UlMEElMDklMDklMDklMDklMDklMDklMDklMDklMDklMDklM0NpbnB1dCUyMHR5cGUlM0QlMjJoaWRkZW4lMjIlMjBuYW1lJTNEJTIyY29kZSUyMiUyMHZhbHVlJTNEJTIyJTIyJTIwJTJGJTNFJTBBJTA5JTA5JTA5JTA5JTA5JTA5JTA5JTA5JTA5JTA5JTNDaW5wdXQlMjB0eXBlJTNEJTIyaGlkZGVuJTIyJTIwbmFtZSUzRCUyMnNyYyUyMiUyMHZhbHVlJTNEJTIyJTIyJTIwJTJGJTNFJTBBJTA5JTA5JTA5JTA5JTA5JTA5JTA5JTA5JTA5JTA5JTNDaW5wdXQlMjB0eXBlJTNEJTIyaGlkZGVuJTIyJTIwbmFtZSUzRCUyMnBiJTIyJTIwdmFsdWUlM0QlMjIxJTIyJTIwJTJGJTNFJTBBJTA5JTA5JTA5JTA5JTA5JTA5JTA5JTA5JTA5JTA5JTBBJTA5JTA5JTA5JTA5JTA5JTA5JTA5JTA5JTA5JTA5JTNDaW5wdXQlMjB0eXBlJTNEJTIyaGlkZGVuJTIyJTIwbmFtZSUzRCUyMnRiZSUyMiUyMHZhbHVlJTNEJTIyQk5FJTIyJTIwJTJGJTNFJTBBJTA5JTA5JTA5JTA5JTA5JTA5JTA5JTA5JTA5JTA5JTNDaW5wdXQlMjB0eXBlJTNEJTIyaGlkZGVuJTIyJTIwbmFtZSUzRCUyMmxuZyUyMiUyMHZhbHVlJTNEJTIyZGUlMjIlMjAlMkYlM0UlMEElMDklMDklMDklMDklMDklMDklMDklMDklMDklMDklM0NpbnB1dCUyMHR5cGUlM0QlMjJoaWRkZW4lMjIlMjBuYW1lJTNEJTIyc2lkJTIyJTIwdmFsdWUlM0QlMjI1ZDgwMjQ1MC0wZTcwLTQ5NDUtOWMzNS1iZTg4NGVjZmM1MWYlMjIlMjAlMkYlM0UlMEElMDklM0NkaXYlMjBjbGFzcyUzRCUyMnZhaWxhYmlsaXR5LXN1Ym1pdCUyMiUzRSUzQ2J1dHRvbiUyMHR5cGUlM0QlMjJzdWJtaXQlMjIlMjBjbGFzcyUzRCUyMmF3ZS1idG4lMjBhd2UtYnRuLWxhcmdlJTIyJTNFQU5GUkFHRSUyMElORk9STUFUSU9ORU4lM0MlMkZidXR0b24lM0UlM0MlMkZkaXYlM0UlMEElM0MlMkZkaXYlM0UlMEElM0MlMkZmb3JtJTNFJTBBJTNDJTJGZGl2JTNF[\/vc_raw_html][\/vc_column][\/vc_row][vc_row full_width=&#8220;stretch_row&#8220; parallax=&#8220;content-moving&#8220; parallax_image=&#8220;14&#8243; bg_overlay=&#8220;rgba(0,0,0,0.2)&#8220; enable_overlay=&#8220;true&#8220; css=&#8220;.vc_custom_1440559884327{padding-top: 150px !important;padding-bottom: 80px !important;}&#8220;][vc_column]<div class=\"awe-special-heading text-center\" style=\"color:#ffffff;\"><h2>BADEHAUS CASTIGLIONCELLO<\/h2><div class=\"awe-subheading below\"><p>Baia del Sorriso Bathhouse<\/p><\/div><\/div>[\/vc_column][\/vc_row][vc_row][vc_column width=&#8220;1\/2&#8243;][vc_single_image image=&#8220;341&#8243; img_size=&#8220;full&#8220;][\/vc_column][vc_column width=&#8220;1\/2&#8243;]<div class=\"awe-special-heading text-left\"><h3>BADEHAUS CASTIGLIONCELLO<\/h3><\/div>[vc_column_text size=&#8220;0&#8243;]Das Strandbad \u201c<strong>BAIA DEL SORRISO<\/strong>\u201d l\u00e4sst sich vom Hotel direkt mit dem Aufzug oder \u00fcber eine Treppe erreichen.<\/p>\n<p>Die mit Sonnenschirmen und \u2013liegen ausgestattete Betonplattform liegt in einem der eindrucksvollsten K\u00fcstenabschnitte der \u201cBaia del Quercetano\u201c.<\/p>\n<p>Der felsige Meeresgrund sorgt f\u00fcr klares Wasser, der Zugang zum Meer erfolgt \u00fcber einen schmalen Sandstrand gleich hinter dem Strandbad.<\/p>\n<p>Unseren Kunden steht eine kleine, t\u00e4glich ge\u00f6ffnete Snack Bar mit B\u00fcffet zur Verf\u00fcgung, wo man Aperitife, Appetit-H\u00e4ppchen, aber auch kalte wie warme Speisen durchgehend zu sich nehmen kann.[\/vc_column_text]<div class=\"awe-btn-container awe-btn-inline\"><a class=\"awe-btn awe-btn-large awe-btn-default\" href=\"http:\/\/www.castiglioncelloturismo.com\/contatti\/\" title=\"\" style=\"background-color:;border-color:\">KONTAKTIEREN SIE UNS F\u00dcR WEITERE INFORMATIONEN<\/a><\/div>[\/vc_column][\/vc_row][vc_row][vc_column][vc_column_text]<\/p>\n<p>[\/vc_column_text][\/vc_column][\/vc_row]<\/p>\n","protected":false},"excerpt":{"rendered":"<p>[vc_row el_class=&#8220;check-availability prenotadentro&#8220; css=&#8220;.vc_custom_1440565924131{margin-bottom: 0px !important;}&#8220;][vc_column offset=&#8220;vc_col-lg-3 vc_col-md-12&#8243; css=&#8220;.vc_custom_1444918023543{margin-top: 15px !important;}&#8220; enable_overlay=&#8220;true&#8220;][vc_column_text size=&#8220;0&#8243;] JETZT BUCHEN [\/vc_column_text][\/vc_column][vc_column el_class=&#8220;availability-form&#8220; offset=&#8220;vc_col-lg-9 vc_col-md-12&#8243;][vc_raw_html]JTNDZGl2JTIwY2xhc3MlM0QlMjJ3cGJfd3JhcHBlciUyMiUzRSUwQSUzQ2Zvcm0lMjBjbGFzcyUzRCUyMmFwYi1jaGVja2F2YWlsYWJsZS1zdWJtaXQlMjIlMjBhY3Rpb24lM0QlMjJodHRwcyUzQSUyRiUyRnd3dy5ib29raW5nLXJlc2VydmF0aW9ucy5jb20lMkZCRSUyRmRlZmF1bHQuYXNweCUyMiUyMG1ldGhvZCUzRCUyMkdFVCUyMiUzRSUwQSUzQ2RpdiUyMGNsYXNzJTNEJTIyYXZhaWxhYmlsaXR5LWZvcm0lMjIlM0UlMEElMDklM0NkaXYlMjBjbGFzcyUzRCUyMmF3ZS1jYWxlbmRhci13cmFwcGVyJTIyJTNFJTBBJTA5JTA5JTNDaW5wdXQlMjBpZCUzRCUyMmNhbGVuZGFyJTIyJTIwbmFtZSUzRCUyMmNoZWNraW4lMjIlMjBwbGFjZWhvbGRlciUzRCUyMkVpbmNoZWNrZW4lMjIlMjBjbGFzcyUzRCUyMmRhdGUtc3RhcnQtanMlMjBhcGItaW5wdXQlMjBhd2UtY2FsZW5kYXIlMjBoYXNEYXRlcGlja2VyJTIyJTIwdHlwZSUzRCUyMnRleHQlMjIlM0UlMEElMDklM0MlMkZkaXYlM0UlMEElMDklM0NkaXYlMjBjbGFzcyUzRCUyMmF3ZS1jYWxlbmRhci13cmFwcGVyJTIyJTNFJTBBJTA5JTA5JTNDaW5wdXQlMjBpZCUzRCUyMmNhbGVuZGFyMiUyMiUyMG5hbWUlM0QlMjJjaGVja291dCUyMiUyMHBsYWNlaG9sZGVyJTNEJTIyQXVzY2hlY2tlbiUyMiUyMGNsYXNzJTNEJTIyZGF0ZS1lbmQtanMlMjBhcGItaW5wdXQlMjBhd2UtY2FsZW5kYXIlMjBoYXNEYXRlcGlja2VyJTIyJTIwdHlwZSUzRCUyMnRleHQlMjIlM0UlMEElMDklM0MlMkZkaXYlM0UlMEElMDklM0NzZWxlY3QlMjBuYW1lJTNEJTIyYWR1bHRzJTIyJTIwY2xhc3MlM0QlMjJhd2Utc2VsZWN0JTIwYnMtc2VsZWN0LWhpZGRlbiUyMiUzRSUzQ29wdGlvbiUzRUVyd2FjaHNlbmUlM0MlMkZvcHRpb24lM0UlM0NvcHRpb24lMjB2YWx1ZSUzRCUyMjElMjIlM0UxJTNDJTJGb3B0aW9uJTNFJTNDb3B0aW9uJTIwdmFsdWUlM0QlMjIyJTIyJTNFMiUzQyUyRm9wdGlvbiUzRSUzQ29wdGlvbiUyMHZhbHVlJTNEJTIyMyUyMiUzRTMlM0MlMkZvcHRpb24lM0UlM0NvcHRpb24lMjB2YWx1ZSUzRCUyMjQlMjIlM0U0JTNDJTJGb3B0aW9uJTNFJTNDb3B0aW9uJTIwdmFsdWUlM0QlMjI1JTIyJTNFNSUzQyUyRm9wdGlvbiUzRSUzQ29wdGlvbiUyMHZhbHVlJTNEJTIyNiUyMiUzRTYlM0MlMkZvcHRpb24lM0UlM0MlMkZzZWxlY3QlM0UlMEElMDklM0NpbnB1dCUyMHR5cGUlM0QlMjJoaWRkZW4lMjIlMjBuYW1lJTNEJTIycm9vbXMlMjIlMjB2YWx1ZSUzRCUyMjElMjIlMjAlMkYlM0UlMEElMDklMDklMDklMDklMDklMDklMDklMDklMDklMDklM0NpbnB1dCUyMHR5cGUlM0QlMjJoaWRkZW4lMjIlMjBuYW1lJTNEJTIyY29kZSUyMiUyMHZhbHVlJTNEJTIyJTIyJTIwJTJGJTNFJTBBJTA5JTA5JTA5JTA5JTA5JTA5JTA5JTA5JTA5JTA5JTNDaW5wdXQlMjB0eXBlJTNEJTIyaGlkZGVuJTIyJTIwbmFtZSUzRCUyMnNyYyUyMiUyMHZhbHVlJTNEJTIyJTIyJTIwJTJGJTNFJTBBJTA5JTA5JTA5JTA5JTA5JTA5JTA5JTA5JTA5JTA5JTNDaW5wdXQlMjB0eXBlJTNEJTIyaGlkZGVuJTIyJTIwbmFtZSUzRCUyMnBiJTIyJTIwdmFsdWUlM0QlMjIxJTIyJTIwJTJGJTNFJTBBJTA5JTA5JTA5JTA5JTA5JTA5JTA5JTA5JTA5JTA5JTBBJTA5JTA5JTA5JTA5JTA5JTA5JTA5JTA5JTA5JTA5JTNDaW5wdXQlMjB0eXBlJTNEJTIyaGlkZGVuJTIyJTIwbmFtZSUzRCUyMnRiZSUyMiUyMHZhbHVlJTNEJTIyQk5FJTIyJTIwJTJGJTNFJTBBJTA5JTA5JTA5JTA5JTA5JTA5JTA5JTA5JTA5JTA5JTNDaW5wdXQlMjB0eXBlJTNEJTIyaGlkZGVuJTIyJTIwbmFtZSUzRCUyMmxuZyUyMiUyMHZhbHVlJTNEJTIyZGUlMjIlMjAlMkYlM0UlMEElMDklMDklMDklMDklMDklMDklMDklMDklMDklMDklM0NpbnB1dCUyMHR5cGUlM0QlMjJoaWRkZW4lMjIlMjBuYW1lJTNEJTIyc2lkJTIyJTIwdmFsdWUlM0QlMjI1ZDgwMjQ1MC0wZTcwLTQ5NDUtOWMzNS1iZTg4NGVjZmM1MWYlMjIlMjAlMkYlM0UlMEElMDklM0NkaXYlMjBjbGFzcyUzRCUyMnZhaWxhYmlsaXR5LXN1Ym1pdCUyMiUzRSUzQ2J1dHRvbiUyMHR5cGUlM0QlMjJzdWJtaXQlMjIlMjBjbGFzcyUzRCUyMmF3ZS1idG4lMjBhd2UtYnRuLWxhcmdlJTIyJTNFQU5GUkFHRSUyMElORk9STUFUSU9ORU4lM0MlMkZidXR0b24lM0UlM0MlMkZkaXYlM0UlMEElM0MlMkZkaXYlM0UlMEElM0MlMkZmb3JtJTNFJTBBJTNDJTJGZGl2JTNF[\/vc_raw_html][\/vc_column][\/vc_row][vc_row full_width=&#8220;stretch_row&#8220; parallax=&#8220;content-moving&#8220; parallax_image=&#8220;14&#8243; bg_overlay=&#8220;rgba(0,0,0,0.2)&#8220; enable_overlay=&#8220;true&#8220; css=&#8220;.vc_custom_1440559884327{padding-top: 150px !important;padding-bottom: 80px !important;}&#8220;][vc_column][\/vc_column][\/vc_row][vc_row][vc_column width=&#8220;1\/2&#8243;][vc_single_image image=&#8220;341&#8243; img_size=&#8220;full&#8220;][\/vc_column][vc_column width=&#8220;1\/2&#8243;][vc_column_text size=&#8220;0&#8243;]Das Strandbad \u201cBAIA DEL SORRISO\u201d l\u00e4sst sich vom Hotel direkt mit dem Aufzug oder \u00fcber eine Treppe erreichen. Die mit Sonnenschirmen und&#8230;<\/p>\n","protected":false},"author":1,"featured_media":0,"parent":0,"menu_order":0,"comment_status":"closed","ping_status":"closed","template":"","meta":{"footnotes":"","_expiration-date-status":"saved","_expiration-date":0,"_expiration-date-type":"","_expiration-date-categories":[],"_expiration-date-options":[]},"class_list":["post-447","page","type-page","status-publish","hentry"],"yoast_head":"<!-- This site is optimized with the Yoast SEO plugin v19.9 - https:\/\/yoast.com\/wordpress\/plugins\/seo\/ -->\n<title>BADEN CASTIGLIONCELLO: Hotel Baia del Sorriso Castiglioncello<\/title>\n<meta name=\"description\" content=\"castiglioncelloturismo.com - Baia del Sorriso hat einen Strand in Castiglioncello, in Quercetano Bay, wo Sie das kristallklare Wasser genie\u00dfen.\" \/>\n<meta name=\"robots\" content=\"index, follow, max-snippet:-1, max-image-preview:large, max-video-preview:-1\" \/>\n<link rel=\"canonical\" href=\"https:\/\/www.castiglioncelloturismo.com\/de\/badehaus-lunabanana\/\" \/>\n<meta property=\"og:locale\" content=\"de_DE\" \/>\n<meta property=\"og:type\" content=\"article\" \/>\n<meta property=\"og:title\" content=\"BADEN CASTIGLIONCELLO: Hotel Baia del Sorriso Castiglioncello\" \/>\n<meta property=\"og:description\" content=\"castiglioncelloturismo.com - Baia del Sorriso hat einen Strand in Castiglioncello, in Quercetano Bay, wo Sie das kristallklare Wasser genie\u00dfen.\" \/>\n<meta property=\"og:url\" content=\"https:\/\/www.castiglioncelloturismo.com\/de\/badehaus-lunabanana\/\" \/>\n<meta property=\"og:site_name\" content=\"Castiglioncello Turismo\" \/>\n<meta property=\"article:modified_time\" content=\"2018-05-18T13:51:28+00:00\" \/>\n<meta name=\"twitter:card\" content=\"summary_large_image\" \/>\n<meta name=\"twitter:label1\" content=\"Gesch\u00e4tzte Lesezeit\" \/>\n\t<meta name=\"twitter:data1\" content=\"3\u00a0Minuten\" \/>\n<script type=\"application\/ld+json\" class=\"yoast-schema-graph\">{\"@context\":\"https:\/\/schema.org\",\"@graph\":[{\"@type\":\"WebPage\",\"@id\":\"https:\/\/www.castiglioncelloturismo.com\/de\/badehaus-lunabanana\/\",\"url\":\"https:\/\/www.castiglioncelloturismo.com\/de\/badehaus-lunabanana\/\",\"name\":\"BADEN CASTIGLIONCELLO: Hotel Baia del Sorriso Castiglioncello\",\"isPartOf\":{\"@id\":\"https:\/\/www.castiglioncelloturismo.com\/#website\"},\"datePublished\":\"2015-10-27T08:31:53+00:00\",\"dateModified\":\"2018-05-18T13:51:28+00:00\",\"description\":\"castiglioncelloturismo.com - Baia del Sorriso hat einen Strand in Castiglioncello, in Quercetano Bay, wo Sie das kristallklare Wasser genie\u00dfen.\",\"breadcrumb\":{\"@id\":\"https:\/\/www.castiglioncelloturismo.com\/de\/badehaus-lunabanana\/#breadcrumb\"},\"inLanguage\":\"de\",\"potentialAction\":[{\"@type\":\"ReadAction\",\"target\":[\"https:\/\/www.castiglioncelloturismo.com\/de\/badehaus-lunabanana\/\"]}]},{\"@type\":\"BreadcrumbList\",\"@id\":\"https:\/\/www.castiglioncelloturismo.com\/de\/badehaus-lunabanana\/#breadcrumb\",\"itemListElement\":[{\"@type\":\"ListItem\",\"position\":1,\"name\":\"Home\",\"item\":\"https:\/\/www.castiglioncelloturismo.com\/de\/\"},{\"@type\":\"ListItem\",\"position\":2,\"name\":\"Badehaus Lunabanana &#8211; in Rosignano Solvay\"}]},{\"@type\":\"WebSite\",\"@id\":\"https:\/\/www.castiglioncelloturismo.com\/#website\",\"url\":\"https:\/\/www.castiglioncelloturismo.com\/\",\"name\":\"Castiglioncello Turismo\",\"description\":\"Hotel a Castiglioncello\",\"potentialAction\":[{\"@type\":\"SearchAction\",\"target\":{\"@type\":\"EntryPoint\",\"urlTemplate\":\"https:\/\/www.castiglioncelloturismo.com\/?s={search_term_string}\"},\"query-input\":\"required name=search_term_string\"}],\"inLanguage\":\"de\"}]}<\/script>\n<!-- \/ Yoast SEO plugin. -->","yoast_head_json":{"title":"BADEN CASTIGLIONCELLO: Hotel Baia del Sorriso Castiglioncello","description":"castiglioncelloturismo.com - Baia del Sorriso hat einen Strand in Castiglioncello, in Quercetano Bay, wo Sie das kristallklare Wasser genie\u00dfen.","robots":{"index":"index","follow":"follow","max-snippet":"max-snippet:-1","max-image-preview":"max-image-preview:large","max-video-preview":"max-video-preview:-1"},"canonical":"https:\/\/www.castiglioncelloturismo.com\/de\/badehaus-lunabanana\/","og_locale":"de_DE","og_type":"article","og_title":"BADEN CASTIGLIONCELLO: Hotel Baia del Sorriso Castiglioncello","og_description":"castiglioncelloturismo.com - Baia del Sorriso hat einen Strand in Castiglioncello, in Quercetano Bay, wo Sie das kristallklare Wasser genie\u00dfen.","og_url":"https:\/\/www.castiglioncelloturismo.com\/de\/badehaus-lunabanana\/","og_site_name":"Castiglioncello Turismo","article_modified_time":"2018-05-18T13:51:28+00:00","twitter_card":"summary_large_image","twitter_misc":{"Gesch\u00e4tzte Lesezeit":"3\u00a0Minuten"},"schema":{"@context":"https:\/\/schema.org","@graph":[{"@type":"WebPage","@id":"https:\/\/www.castiglioncelloturismo.com\/de\/badehaus-lunabanana\/","url":"https:\/\/www.castiglioncelloturismo.com\/de\/badehaus-lunabanana\/","name":"BADEN CASTIGLIONCELLO: Hotel Baia del Sorriso Castiglioncello","isPartOf":{"@id":"https:\/\/www.castiglioncelloturismo.com\/#website"},"datePublished":"2015-10-27T08:31:53+00:00","dateModified":"2018-05-18T13:51:28+00:00","description":"castiglioncelloturismo.com - Baia del Sorriso hat einen Strand in Castiglioncello, in Quercetano Bay, wo Sie das kristallklare Wasser genie\u00dfen.","breadcrumb":{"@id":"https:\/\/www.castiglioncelloturismo.com\/de\/badehaus-lunabanana\/#breadcrumb"},"inLanguage":"de","potentialAction":[{"@type":"ReadAction","target":["https:\/\/www.castiglioncelloturismo.com\/de\/badehaus-lunabanana\/"]}]},{"@type":"BreadcrumbList","@id":"https:\/\/www.castiglioncelloturismo.com\/de\/badehaus-lunabanana\/#breadcrumb","itemListElement":[{"@type":"ListItem","position":1,"name":"Home","item":"https:\/\/www.castiglioncelloturismo.com\/de\/"},{"@type":"ListItem","position":2,"name":"Badehaus Lunabanana &#8211; in Rosignano Solvay"}]},{"@type":"WebSite","@id":"https:\/\/www.castiglioncelloturismo.com\/#website","url":"https:\/\/www.castiglioncelloturismo.com\/","name":"Castiglioncello Turismo","description":"Hotel a Castiglioncello","potentialAction":[{"@type":"SearchAction","target":{"@type":"EntryPoint","urlTemplate":"https:\/\/www.castiglioncelloturismo.com\/?s={search_term_string}"},"query-input":"required name=search_term_string"}],"inLanguage":"de"}]}},"_links":{"self":[{"href":"https:\/\/www.castiglioncelloturismo.com\/de\/wp-json\/wp\/v2\/pages\/447"}],"collection":[{"href":"https:\/\/www.castiglioncelloturismo.com\/de\/wp-json\/wp\/v2\/pages"}],"about":[{"href":"https:\/\/www.castiglioncelloturismo.com\/de\/wp-json\/wp\/v2\/types\/page"}],"author":[{"embeddable":true,"href":"https:\/\/www.castiglioncelloturismo.com\/de\/wp-json\/wp\/v2\/users\/1"}],"replies":[{"embeddable":true,"href":"https:\/\/www.castiglioncelloturismo.com\/de\/wp-json\/wp\/v2\/comments?post=447"}],"version-history":[{"count":0,"href":"https:\/\/www.castiglioncelloturismo.com\/de\/wp-json\/wp\/v2\/pages\/447\/revisions"}],"wp:attachment":[{"href":"https:\/\/www.castiglioncelloturismo.com\/de\/wp-json\/wp\/v2\/media?parent=447"}],"curies":[{"name":"wp","href":"https:\/\/api.w.org\/{rel}","templated":true}]}}