{"id":453,"date":"2015-10-27T08:40:22","date_gmt":"2015-10-27T08:40:22","guid":{"rendered":"http:\/\/wp.castiglioncelloturismo.com\/de\/?page_id=453"},"modified":"2018-07-13T15:19:58","modified_gmt":"2018-07-13T15:19:58","slug":"restaurant-lunabanana","status":"publish","type":"page","link":"https:\/\/www.castiglioncelloturismo.com\/de\/restaurant-lunabanana\/","title":{"rendered":"Restaurant Lunabanana"},"content":{"rendered":"<p>[vc_row el_class=&#8220;check-availability prenotadentro&#8220; css=&#8220;.vc_custom_1440565924131{margin-bottom: 0px !important;}&#8220;][vc_column offset=&#8220;vc_col-lg-3 vc_col-md-12&#8243; css=&#8220;.vc_custom_1444918023543{margin-top: 15px !important;}&#8220; enable_overlay=&#8220;true&#8220;][vc_column_text size=&#8220;0&#8243;]<\/p>\n<h2>JETZT<span id=\"result_box\" class=\"short_text\" lang=\"de\" tabindex=\"-1\"> BUCHEN<\/span><\/h2>\n<p>[\/vc_column_text][\/vc_column][vc_column el_class=&#8220;availability-form&#8220; offset=&#8220;vc_col-lg-9 vc_col-md-12&#8243;][vc_raw_html]JTNDZGl2JTIwY2xhc3MlM0QlMjJ3cGJfd3JhcHBlciUyMiUzRSUwQSUzQ2Zvcm0lMjBjbGFzcyUzRCUyMmFwYi1jaGVja2F2YWlsYWJsZS1zdWJtaXQlMjIlMjBhY3Rpb24lM0QlMjJodHRwcyUzQSUyRiUyRnd3dy5ib29raW5nLXJlc2VydmF0aW9ucy5jb20lMkZCRSUyRmRlZmF1bHQuYXNweCUyMiUyMG1ldGhvZCUzRCUyMkdFVCUyMiUzRSUwQSUzQ2RpdiUyMGNsYXNzJTNEJTIyYXZhaWxhYmlsaXR5LWZvcm0lMjIlM0UlMEElMDklM0NkaXYlMjBjbGFzcyUzRCUyMmF3ZS1jYWxlbmRhci13cmFwcGVyJTIyJTNFJTBBJTA5JTA5JTNDaW5wdXQlMjBpZCUzRCUyMmNhbGVuZGFyJTIyJTIwbmFtZSUzRCUyMmNoZWNraW4lMjIlMjBwbGFjZWhvbGRlciUzRCUyMkVpbmNoZWNrZW4lMjIlMjBjbGFzcyUzRCUyMmRhdGUtc3RhcnQtanMlMjBhcGItaW5wdXQlMjBhd2UtY2FsZW5kYXIlMjBoYXNEYXRlcGlja2VyJTIyJTIwdHlwZSUzRCUyMnRleHQlMjIlM0UlMEElMDklM0MlMkZkaXYlM0UlMEElMDklM0NkaXYlMjBjbGFzcyUzRCUyMmF3ZS1jYWxlbmRhci13cmFwcGVyJTIyJTNFJTBBJTA5JTA5JTNDaW5wdXQlMjBpZCUzRCUyMmNhbGVuZGFyMiUyMiUyMG5hbWUlM0QlMjJjaGVja291dCUyMiUyMHBsYWNlaG9sZGVyJTNEJTIyQXVzY2hlY2tlbiUyMiUyMGNsYXNzJTNEJTIyZGF0ZS1lbmQtanMlMjBhcGItaW5wdXQlMjBhd2UtY2FsZW5kYXIlMjBoYXNEYXRlcGlja2VyJTIyJTIwdHlwZSUzRCUyMnRleHQlMjIlM0UlMEElMDklM0MlMkZkaXYlM0UlMEElMDklM0NzZWxlY3QlMjBuYW1lJTNEJTIyYWR1bHRzJTIyJTIwY2xhc3MlM0QlMjJhd2Utc2VsZWN0JTIwYnMtc2VsZWN0LWhpZGRlbiUyMiUzRSUzQ29wdGlvbiUzRUVyd2FjaHNlbmUlM0MlMkZvcHRpb24lM0UlM0NvcHRpb24lMjB2YWx1ZSUzRCUyMjElMjIlM0UxJTNDJTJGb3B0aW9uJTNFJTNDb3B0aW9uJTIwdmFsdWUlM0QlMjIyJTIyJTNFMiUzQyUyRm9wdGlvbiUzRSUzQ29wdGlvbiUyMHZhbHVlJTNEJTIyMyUyMiUzRTMlM0MlMkZvcHRpb24lM0UlM0NvcHRpb24lMjB2YWx1ZSUzRCUyMjQlMjIlM0U0JTNDJTJGb3B0aW9uJTNFJTNDb3B0aW9uJTIwdmFsdWUlM0QlMjI1JTIyJTNFNSUzQyUyRm9wdGlvbiUzRSUzQ29wdGlvbiUyMHZhbHVlJTNEJTIyNiUyMiUzRTYlM0MlMkZvcHRpb24lM0UlM0MlMkZzZWxlY3QlM0UlMEElMDklM0NpbnB1dCUyMHR5cGUlM0QlMjJoaWRkZW4lMjIlMjBuYW1lJTNEJTIycm9vbXMlMjIlMjB2YWx1ZSUzRCUyMjElMjIlMjAlMkYlM0UlMEElMDklMDklMDklMDklMDklMDklMDklMDklMDklMDklM0NpbnB1dCUyMHR5cGUlM0QlMjJoaWRkZW4lMjIlMjBuYW1lJTNEJTIyY29kZSUyMiUyMHZhbHVlJTNEJTIyJTIyJTIwJTJGJTNFJTBBJTA5JTA5JTA5JTA5JTA5JTA5JTA5JTA5JTA5JTA5JTNDaW5wdXQlMjB0eXBlJTNEJTIyaGlkZGVuJTIyJTIwbmFtZSUzRCUyMnNyYyUyMiUyMHZhbHVlJTNEJTIyJTIyJTIwJTJGJTNFJTBBJTA5JTA5JTA5JTA5JTA5JTA5JTA5JTA5JTA5JTA5JTNDaW5wdXQlMjB0eXBlJTNEJTIyaGlkZGVuJTIyJTIwbmFtZSUzRCUyMnBiJTIyJTIwdmFsdWUlM0QlMjIxJTIyJTIwJTJGJTNFJTBBJTA5JTA5JTA5JTA5JTA5JTA5JTA5JTA5JTA5JTA5JTBBJTA5JTA5JTA5JTA5JTA5JTA5JTA5JTA5JTA5JTA5JTNDaW5wdXQlMjB0eXBlJTNEJTIyaGlkZGVuJTIyJTIwbmFtZSUzRCUyMnRiZSUyMiUyMHZhbHVlJTNEJTIyQk5FJTIyJTIwJTJGJTNFJTBBJTA5JTA5JTA5JTA5JTA5JTA5JTA5JTA5JTA5JTA5JTNDaW5wdXQlMjB0eXBlJTNEJTIyaGlkZGVuJTIyJTIwbmFtZSUzRCUyMmxuZyUyMiUyMHZhbHVlJTNEJTIyZGUlMjIlMjAlMkYlM0UlMEElMDklMDklMDklMDklMDklMDklMDklMDklMDklMDklM0NpbnB1dCUyMHR5cGUlM0QlMjJoaWRkZW4lMjIlMjBuYW1lJTNEJTIyc2lkJTIyJTIwdmFsdWUlM0QlMjI1ZDgwMjQ1MC0wZTcwLTQ5NDUtOWMzNS1iZTg4NGVjZmM1MWYlMjIlMjAlMkYlM0UlMEElMDklM0NkaXYlMjBjbGFzcyUzRCUyMnZhaWxhYmlsaXR5LXN1Ym1pdCUyMiUzRSUzQ2J1dHRvbiUyMHR5cGUlM0QlMjJzdWJtaXQlMjIlMjBjbGFzcyUzRCUyMmF3ZS1idG4lMjBhd2UtYnRuLWxhcmdlJTIyJTNFQU5GUkFHRSUyMElORk9STUFUSU9ORU4lM0MlMkZidXR0b24lM0UlM0MlMkZkaXYlM0UlMEElM0MlMkZkaXYlM0UlMEElM0MlMkZmb3JtJTNFJTBBJTNDJTJGZGl2JTNF[\/vc_raw_html][\/vc_column][\/vc_row][vc_row full_width=&#8220;stretch_row&#8220; parallax=&#8220;content-moving&#8220; parallax_image=&#8220;14&#8243; bg_overlay=&#8220;rgba(0,0,0,0.2)&#8220; enable_overlay=&#8220;true&#8220; css=&#8220;.vc_custom_1440559884327{padding-top: 150px !important;padding-bottom: 80px !important;}&#8220;][vc_column]<div class=\"awe-special-heading text-center\" style=\"color:#ffffff;\"><h2>RESTAURANT ROSIGNANO<\/h2><div class=\"awe-subheading below\"><p>Restaurant mit Blick aufs Meer in Castiglioncello<\/p><\/div><\/div>[\/vc_column][\/vc_row][vc_row][vc_column width=&#8220;1\/2&#8243;][vc_single_image image=&#8220;327&#8243; img_size=&#8220;full&#8220;][\/vc_column][vc_column width=&#8220;1\/2&#8243;]<div class=\"awe-special-heading text-left\"><h3>RESTAURANT ROSIGNANO<\/h3><\/div>[vc_column_text size=&#8220;0&#8243;]Die Speisekarte des Restaurants LunaBanana bietet die gesamte Geschmackspalette der Toskana.<\/p>\n<p>Wie man wei\u00df, zeichnet sich diese herrliche Region durch eine kulinarische Vielfalt aus, in der ihre Lande wie ihre See ebenb\u00fcrtig vertreten sind.<\/p>\n<p>LunaBanana verf\u00fcgt \u00fcber eine herrliche Terrasse, auf der auch Mahlzeiten eingenommen werden k\u00f6nnen (Reservierung empfohlen).<\/p>\n<p>Auf der herrlichen Terrasse mit Meeresblick k\u00f6nnen s\u00e4mtliche Serviceleistungen in Anspruch genommen werden (Reservierung empfohlen).<\/p>\n<p>In unserer Gartenanlage direkt gegen\u00fcber dem Strand werden Sie von uns direkt an Ihrem Sonnenschirm bedient.<\/p>\n<p>LunaBanana ist ganzj\u00e4hrig ge\u00f6ffnet: im Winter an Wochenenden und Feiertagen; ab Mai t\u00e4glich w\u00e4hrend der gesamten Sommersaison.<\/p>\n<p>Lunabanana via mascagni 109 Rosignano Solvay\u00a0 &#8211; <a href=\"tel:+390586799976\">0586 799976<\/a> &#8211; <a href=\"tel:+393474002211\">347 4002211<\/a>[\/vc_column_text][\/vc_column][\/vc_row]<\/p>\n","protected":false},"excerpt":{"rendered":"<p>[vc_row el_class=&#8220;check-availability prenotadentro&#8220; css=&#8220;.vc_custom_1440565924131{margin-bottom: 0px !important;}&#8220;][vc_column offset=&#8220;vc_col-lg-3 vc_col-md-12&#8243; css=&#8220;.vc_custom_1444918023543{margin-top: 15px !important;}&#8220; enable_overlay=&#8220;true&#8220;][vc_column_text size=&#8220;0&#8243;] JETZT BUCHEN [\/vc_column_text][\/vc_column][vc_column el_class=&#8220;availability-form&#8220; offset=&#8220;vc_col-lg-9 vc_col-md-12&#8243;][vc_raw_html]JTNDZGl2JTIwY2xhc3MlM0QlMjJ3cGJfd3JhcHBlciUyMiUzRSUwQSUzQ2Zvcm0lMjBjbGFzcyUzRCUyMmFwYi1jaGVja2F2YWlsYWJsZS1zdWJtaXQlMjIlMjBhY3Rpb24lM0QlMjJodHRwcyUzQSUyRiUyRnd3dy5ib29raW5nLXJlc2VydmF0aW9ucy5jb20lMkZCRSUyRmRlZmF1bHQuYXNweCUyMiUyMG1ldGhvZCUzRCUyMkdFVCUyMiUzRSUwQSUzQ2RpdiUyMGNsYXNzJTNEJTIyYXZhaWxhYmlsaXR5LWZvcm0lMjIlM0UlMEElMDklM0NkaXYlMjBjbGFzcyUzRCUyMmF3ZS1jYWxlbmRhci13cmFwcGVyJTIyJTNFJTBBJTA5JTA5JTNDaW5wdXQlMjBpZCUzRCUyMmNhbGVuZGFyJTIyJTIwbmFtZSUzRCUyMmNoZWNraW4lMjIlMjBwbGFjZWhvbGRlciUzRCUyMkVpbmNoZWNrZW4lMjIlMjBjbGFzcyUzRCUyMmRhdGUtc3RhcnQtanMlMjBhcGItaW5wdXQlMjBhd2UtY2FsZW5kYXIlMjBoYXNEYXRlcGlja2VyJTIyJTIwdHlwZSUzRCUyMnRleHQlMjIlM0UlMEElMDklM0MlMkZkaXYlM0UlMEElMDklM0NkaXYlMjBjbGFzcyUzRCUyMmF3ZS1jYWxlbmRhci13cmFwcGVyJTIyJTNFJTBBJTA5JTA5JTNDaW5wdXQlMjBpZCUzRCUyMmNhbGVuZGFyMiUyMiUyMG5hbWUlM0QlMjJjaGVja291dCUyMiUyMHBsYWNlaG9sZGVyJTNEJTIyQXVzY2hlY2tlbiUyMiUyMGNsYXNzJTNEJTIyZGF0ZS1lbmQtanMlMjBhcGItaW5wdXQlMjBhd2UtY2FsZW5kYXIlMjBoYXNEYXRlcGlja2VyJTIyJTIwdHlwZSUzRCUyMnRleHQlMjIlM0UlMEElMDklM0MlMkZkaXYlM0UlMEElMDklM0NzZWxlY3QlMjBuYW1lJTNEJTIyYWR1bHRzJTIyJTIwY2xhc3MlM0QlMjJhd2Utc2VsZWN0JTIwYnMtc2VsZWN0LWhpZGRlbiUyMiUzRSUzQ29wdGlvbiUzRUVyd2FjaHNlbmUlM0MlMkZvcHRpb24lM0UlM0NvcHRpb24lMjB2YWx1ZSUzRCUyMjElMjIlM0UxJTNDJTJGb3B0aW9uJTNFJTNDb3B0aW9uJTIwdmFsdWUlM0QlMjIyJTIyJTNFMiUzQyUyRm9wdGlvbiUzRSUzQ29wdGlvbiUyMHZhbHVlJTNEJTIyMyUyMiUzRTMlM0MlMkZvcHRpb24lM0UlM0NvcHRpb24lMjB2YWx1ZSUzRCUyMjQlMjIlM0U0JTNDJTJGb3B0aW9uJTNFJTNDb3B0aW9uJTIwdmFsdWUlM0QlMjI1JTIyJTNFNSUzQyUyRm9wdGlvbiUzRSUzQ29wdGlvbiUyMHZhbHVlJTNEJTIyNiUyMiUzRTYlM0MlMkZvcHRpb24lM0UlM0MlMkZzZWxlY3QlM0UlMEElMDklM0NpbnB1dCUyMHR5cGUlM0QlMjJoaWRkZW4lMjIlMjBuYW1lJTNEJTIycm9vbXMlMjIlMjB2YWx1ZSUzRCUyMjElMjIlMjAlMkYlM0UlMEElMDklMDklMDklMDklMDklMDklMDklMDklMDklMDklM0NpbnB1dCUyMHR5cGUlM0QlMjJoaWRkZW4lMjIlMjBuYW1lJTNEJTIyY29kZSUyMiUyMHZhbHVlJTNEJTIyJTIyJTIwJTJGJTNFJTBBJTA5JTA5JTA5JTA5JTA5JTA5JTA5JTA5JTA5JTA5JTNDaW5wdXQlMjB0eXBlJTNEJTIyaGlkZGVuJTIyJTIwbmFtZSUzRCUyMnNyYyUyMiUyMHZhbHVlJTNEJTIyJTIyJTIwJTJGJTNFJTBBJTA5JTA5JTA5JTA5JTA5JTA5JTA5JTA5JTA5JTA5JTNDaW5wdXQlMjB0eXBlJTNEJTIyaGlkZGVuJTIyJTIwbmFtZSUzRCUyMnBiJTIyJTIwdmFsdWUlM0QlMjIxJTIyJTIwJTJGJTNFJTBBJTA5JTA5JTA5JTA5JTA5JTA5JTA5JTA5JTA5JTA5JTBBJTA5JTA5JTA5JTA5JTA5JTA5JTA5JTA5JTA5JTA5JTNDaW5wdXQlMjB0eXBlJTNEJTIyaGlkZGVuJTIyJTIwbmFtZSUzRCUyMnRiZSUyMiUyMHZhbHVlJTNEJTIyQk5FJTIyJTIwJTJGJTNFJTBBJTA5JTA5JTA5JTA5JTA5JTA5JTA5JTA5JTA5JTA5JTNDaW5wdXQlMjB0eXBlJTNEJTIyaGlkZGVuJTIyJTIwbmFtZSUzRCUyMmxuZyUyMiUyMHZhbHVlJTNEJTIyZGUlMjIlMjAlMkYlM0UlMEElMDklMDklMDklMDklMDklMDklMDklMDklMDklMDklM0NpbnB1dCUyMHR5cGUlM0QlMjJoaWRkZW4lMjIlMjBuYW1lJTNEJTIyc2lkJTIyJTIwdmFsdWUlM0QlMjI1ZDgwMjQ1MC0wZTcwLTQ5NDUtOWMzNS1iZTg4NGVjZmM1MWYlMjIlMjAlMkYlM0UlMEElMDklM0NkaXYlMjBjbGFzcyUzRCUyMnZhaWxhYmlsaXR5LXN1Ym1pdCUyMiUzRSUzQ2J1dHRvbiUyMHR5cGUlM0QlMjJzdWJtaXQlMjIlMjBjbGFzcyUzRCUyMmF3ZS1idG4lMjBhd2UtYnRuLWxhcmdlJTIyJTNFQU5GUkFHRSUyMElORk9STUFUSU9ORU4lM0MlMkZidXR0b24lM0UlM0MlMkZkaXYlM0UlMEElM0MlMkZkaXYlM0UlMEElM0MlMkZmb3JtJTNFJTBBJTNDJTJGZGl2JTNF[\/vc_raw_html][\/vc_column][\/vc_row][vc_row full_width=&#8220;stretch_row&#8220; parallax=&#8220;content-moving&#8220; parallax_image=&#8220;14&#8243; bg_overlay=&#8220;rgba(0,0,0,0.2)&#8220; enable_overlay=&#8220;true&#8220; css=&#8220;.vc_custom_1440559884327{padding-top: 150px !important;padding-bottom: 80px !important;}&#8220;][vc_column][\/vc_column][\/vc_row][vc_row][vc_column width=&#8220;1\/2&#8243;][vc_single_image image=&#8220;327&#8243; img_size=&#8220;full&#8220;][\/vc_column][vc_column width=&#8220;1\/2&#8243;][vc_column_text size=&#8220;0&#8243;]Die Speisekarte des Restaurants LunaBanana bietet die gesamte Geschmackspalette der Toskana. Wie man wei\u00df, zeichnet sich diese herrliche Region durch eine kulinarische&#8230;<\/p>\n","protected":false},"author":1,"featured_media":0,"parent":0,"menu_order":0,"comment_status":"closed","ping_status":"closed","template":"","meta":{"footnotes":"","_expiration-date-status":"saved","_expiration-date":0,"_expiration-date-type":"","_expiration-date-categories":[],"_expiration-date-options":[]},"class_list":["post-453","page","type-page","status-publish","hentry"],"yoast_head":"<!-- This site is optimized with the Yoast SEO plugin v19.9 - https:\/\/yoast.com\/wordpress\/plugins\/seo\/ -->\n<title>RESTAURANT CASTIGLIONCELLO : Hotel Atlantico Castiglioncello<\/title>\n<meta name=\"description\" content=\"castiglioncelloturismo.com - Castiglioncello Restaurant Ganzj\u00e4hrig ge\u00f6ffnet, mit einer Terrasse mit Blick aufs Meer, bietet die M\u00f6glichkeit, alle Aromen der Toskana schmecken\" \/>\n<meta name=\"robots\" content=\"index, follow, max-snippet:-1, max-image-preview:large, max-video-preview:-1\" \/>\n<link rel=\"canonical\" href=\"https:\/\/www.castiglioncelloturismo.com\/de\/restaurant-lunabanana\/\" \/>\n<meta property=\"og:locale\" content=\"de_DE\" \/>\n<meta property=\"og:type\" content=\"article\" \/>\n<meta property=\"og:title\" content=\"RESTAURANT CASTIGLIONCELLO : Hotel Atlantico Castiglioncello\" \/>\n<meta property=\"og:description\" content=\"castiglioncelloturismo.com - Castiglioncello Restaurant Ganzj\u00e4hrig ge\u00f6ffnet, mit einer Terrasse mit Blick aufs Meer, bietet die M\u00f6glichkeit, alle Aromen der Toskana schmecken\" \/>\n<meta property=\"og:url\" content=\"https:\/\/www.castiglioncelloturismo.com\/de\/restaurant-lunabanana\/\" \/>\n<meta property=\"og:site_name\" content=\"Castiglioncello Turismo\" \/>\n<meta property=\"article:modified_time\" content=\"2018-07-13T15:19:58+00:00\" \/>\n<meta name=\"twitter:card\" content=\"summary_large_image\" \/>\n<meta name=\"twitter:label1\" content=\"Gesch\u00e4tzte Lesezeit\" \/>\n\t<meta name=\"twitter:data1\" content=\"3\u00a0Minuten\" \/>\n<script type=\"application\/ld+json\" class=\"yoast-schema-graph\">{\"@context\":\"https:\/\/schema.org\",\"@graph\":[{\"@type\":\"WebPage\",\"@id\":\"https:\/\/www.castiglioncelloturismo.com\/de\/restaurant-lunabanana\/\",\"url\":\"https:\/\/www.castiglioncelloturismo.com\/de\/restaurant-lunabanana\/\",\"name\":\"RESTAURANT CASTIGLIONCELLO : Hotel Atlantico Castiglioncello\",\"isPartOf\":{\"@id\":\"https:\/\/www.castiglioncelloturismo.com\/#website\"},\"datePublished\":\"2015-10-27T08:40:22+00:00\",\"dateModified\":\"2018-07-13T15:19:58+00:00\",\"description\":\"castiglioncelloturismo.com - Castiglioncello Restaurant Ganzj\u00e4hrig ge\u00f6ffnet, mit einer Terrasse mit Blick aufs Meer, bietet die M\u00f6glichkeit, alle Aromen der Toskana schmecken\",\"breadcrumb\":{\"@id\":\"https:\/\/www.castiglioncelloturismo.com\/de\/restaurant-lunabanana\/#breadcrumb\"},\"inLanguage\":\"de\",\"potentialAction\":[{\"@type\":\"ReadAction\",\"target\":[\"https:\/\/www.castiglioncelloturismo.com\/de\/restaurant-lunabanana\/\"]}]},{\"@type\":\"BreadcrumbList\",\"@id\":\"https:\/\/www.castiglioncelloturismo.com\/de\/restaurant-lunabanana\/#breadcrumb\",\"itemListElement\":[{\"@type\":\"ListItem\",\"position\":1,\"name\":\"Home\",\"item\":\"https:\/\/www.castiglioncelloturismo.com\/de\/\"},{\"@type\":\"ListItem\",\"position\":2,\"name\":\"Restaurant Lunabanana\"}]},{\"@type\":\"WebSite\",\"@id\":\"https:\/\/www.castiglioncelloturismo.com\/#website\",\"url\":\"https:\/\/www.castiglioncelloturismo.com\/\",\"name\":\"Castiglioncello Turismo\",\"description\":\"Hotel a Castiglioncello\",\"potentialAction\":[{\"@type\":\"SearchAction\",\"target\":{\"@type\":\"EntryPoint\",\"urlTemplate\":\"https:\/\/www.castiglioncelloturismo.com\/?s={search_term_string}\"},\"query-input\":\"required name=search_term_string\"}],\"inLanguage\":\"de\"}]}<\/script>\n<!-- \/ Yoast SEO plugin. -->","yoast_head_json":{"title":"RESTAURANT CASTIGLIONCELLO : Hotel Atlantico Castiglioncello","description":"castiglioncelloturismo.com - Castiglioncello Restaurant Ganzj\u00e4hrig ge\u00f6ffnet, mit einer Terrasse mit Blick aufs Meer, bietet die M\u00f6glichkeit, alle Aromen der Toskana schmecken","robots":{"index":"index","follow":"follow","max-snippet":"max-snippet:-1","max-image-preview":"max-image-preview:large","max-video-preview":"max-video-preview:-1"},"canonical":"https:\/\/www.castiglioncelloturismo.com\/de\/restaurant-lunabanana\/","og_locale":"de_DE","og_type":"article","og_title":"RESTAURANT CASTIGLIONCELLO : Hotel Atlantico Castiglioncello","og_description":"castiglioncelloturismo.com - Castiglioncello Restaurant Ganzj\u00e4hrig ge\u00f6ffnet, mit einer Terrasse mit Blick aufs Meer, bietet die M\u00f6glichkeit, alle Aromen der Toskana schmecken","og_url":"https:\/\/www.castiglioncelloturismo.com\/de\/restaurant-lunabanana\/","og_site_name":"Castiglioncello Turismo","article_modified_time":"2018-07-13T15:19:58+00:00","twitter_card":"summary_large_image","twitter_misc":{"Gesch\u00e4tzte Lesezeit":"3\u00a0Minuten"},"schema":{"@context":"https:\/\/schema.org","@graph":[{"@type":"WebPage","@id":"https:\/\/www.castiglioncelloturismo.com\/de\/restaurant-lunabanana\/","url":"https:\/\/www.castiglioncelloturismo.com\/de\/restaurant-lunabanana\/","name":"RESTAURANT CASTIGLIONCELLO : Hotel Atlantico Castiglioncello","isPartOf":{"@id":"https:\/\/www.castiglioncelloturismo.com\/#website"},"datePublished":"2015-10-27T08:40:22+00:00","dateModified":"2018-07-13T15:19:58+00:00","description":"castiglioncelloturismo.com - Castiglioncello Restaurant Ganzj\u00e4hrig ge\u00f6ffnet, mit einer Terrasse mit Blick aufs Meer, bietet die M\u00f6glichkeit, alle Aromen der Toskana schmecken","breadcrumb":{"@id":"https:\/\/www.castiglioncelloturismo.com\/de\/restaurant-lunabanana\/#breadcrumb"},"inLanguage":"de","potentialAction":[{"@type":"ReadAction","target":["https:\/\/www.castiglioncelloturismo.com\/de\/restaurant-lunabanana\/"]}]},{"@type":"BreadcrumbList","@id":"https:\/\/www.castiglioncelloturismo.com\/de\/restaurant-lunabanana\/#breadcrumb","itemListElement":[{"@type":"ListItem","position":1,"name":"Home","item":"https:\/\/www.castiglioncelloturismo.com\/de\/"},{"@type":"ListItem","position":2,"name":"Restaurant Lunabanana"}]},{"@type":"WebSite","@id":"https:\/\/www.castiglioncelloturismo.com\/#website","url":"https:\/\/www.castiglioncelloturismo.com\/","name":"Castiglioncello Turismo","description":"Hotel a Castiglioncello","potentialAction":[{"@type":"SearchAction","target":{"@type":"EntryPoint","urlTemplate":"https:\/\/www.castiglioncelloturismo.com\/?s={search_term_string}"},"query-input":"required name=search_term_string"}],"inLanguage":"de"}]}},"_links":{"self":[{"href":"https:\/\/www.castiglioncelloturismo.com\/de\/wp-json\/wp\/v2\/pages\/453"}],"collection":[{"href":"https:\/\/www.castiglioncelloturismo.com\/de\/wp-json\/wp\/v2\/pages"}],"about":[{"href":"https:\/\/www.castiglioncelloturismo.com\/de\/wp-json\/wp\/v2\/types\/page"}],"author":[{"embeddable":true,"href":"https:\/\/www.castiglioncelloturismo.com\/de\/wp-json\/wp\/v2\/users\/1"}],"replies":[{"embeddable":true,"href":"https:\/\/www.castiglioncelloturismo.com\/de\/wp-json\/wp\/v2\/comments?post=453"}],"version-history":[{"count":0,"href":"https:\/\/www.castiglioncelloturismo.com\/de\/wp-json\/wp\/v2\/pages\/453\/revisions"}],"wp:attachment":[{"href":"https:\/\/www.castiglioncelloturismo.com\/de\/wp-json\/wp\/v2\/media?parent=453"}],"curies":[{"name":"wp","href":"https:\/\/api.w.org\/{rel}","templated":true}]}}