{"id":484,"date":"2015-10-27T10:23:49","date_gmt":"2015-10-27T10:23:49","guid":{"rendered":"http:\/\/wp.castiglioncelloturismo.com\/de\/?page_id=484"},"modified":"2025-02-19T13:56:42","modified_gmt":"2025-02-19T13:56:42","slug":"agb-des-aufenthalts","status":"publish","type":"page","link":"https:\/\/www.castiglioncelloturismo.com\/de\/agb-des-aufenthalts\/","title":{"rendered":"AGB des Aufenthalts"},"content":{"rendered":"<p>[vc_row full_width=&#8220;stretch_row&#8220; parallax=&#8220;content-moving&#8220; parallax_image=&#8220;14&#8243; bg_overlay=&#8220;rgba(0,0,0,0.2)&#8220; enable_overlay=&#8220;true&#8220; css=&#8220;.vc_custom_1440559884327{padding-top: 150px !important;padding-bottom: 80px !important;}&#8220;][vc_column]<div class=\"awe-special-heading text-center\" style=\"color:#ffffff;\"><h2>GESCH\u00c4FTSBEDINGUNGEN<\/h2><div class=\"awe-subheading below\"><p>Verordnung zur im Hotel Baia del Sorriso bleiben<\/p><\/div><\/div>[\/vc_column][\/vc_row][vc_row][vc_column width=&#8220;1\/3&#8243;][vc_custom_heading text=&#8220;CHECK-IN \u2013 CHECK-OUT&#8220; font_container=&#8220;tag:h2|text_align:left|color:%23e7c130&#8243;][vc_column_text size=&#8220;0&#8243;]Die am Anreisetag ab <strong>16.00<\/strong> Uhr zur Verf\u00fcgung stehenden Zimmer m\u00fcssen am Abreisetag bis sp\u00e4testens <strong>10.30<\/strong> Uhr ger\u00e4umt sein.[\/vc_column_text][\/vc_column][vc_column width=&#8220;1\/3&#8243;][vc_custom_heading text=&#8220;KINDERERM\u00c4\u00dfIGUNGEN&#8220; font_container=&#8220;tag:h2|text_align:left|color:%23e7c130&#8243;][vc_column_text size=&#8220;0&#8243;]<\/p>\n<p data-start=\"47\" data-end=\"219\"><strong data-start=\"47\" data-end=\"219\">Die Erm\u00e4\u00dfigungen f\u00fcr Kinder im Halbpensionsservice gelten nur, wenn sie das Zimmer mit zwei voll zahlenden Personen teilen und somit ein drittes \/ viertes Bett belegen.<\/strong><\/p>\n<ul data-start=\"221\" data-end=\"567\">\n<li data-start=\"221\" data-end=\"366\">von 0 bis 1,00 Jahr: Gratis mit eigenem Kinderbett. Zahlung der eventuellen Mahlzeiten vor Ort. Kinderbettverleih \u20ac 20,00 pro Tag (auf Anfrage)<\/li>\n<li data-start=\"367\" data-end=\"405\">von 1 bis 3,99 Jahre: 50% Erm\u00e4\u00dfigung<\/li>\n<li data-start=\"406\" data-end=\"444\">von 4 bis 6,99 Jahre: 30% Erm\u00e4\u00dfigung<\/li>\n<li data-start=\"445\" data-end=\"484\">von 7 bis 10,99 Jahre: 20% Erm\u00e4\u00dfigung<\/li>\n<li data-start=\"485\" data-end=\"525\">von 11 bis 14,99 Jahre: 10% Erm\u00e4\u00dfigung<\/li>\n<li data-start=\"526\" data-end=\"567\">Erwachsene im 3.\/4. Bett: 5% Erm\u00e4\u00dfigung<\/li>\n<\/ul>\n<p data-start=\"569\" data-end=\"610\"><strong data-start=\"569\" data-end=\"610\">KINDER im \u00dcbernachtung mit Fr\u00fchst\u00fcck:<\/strong><\/p>\n<ul data-start=\"612\" data-end=\"851\" data-is-last-node=\"\">\n<li data-start=\"612\" data-end=\"641\">von 0 bis 1,00 Jahr: Gratis<\/li>\n<li data-start=\"642\" data-end=\"705\">von 0 bis 3,99 Jahre: Zuschlag f\u00fcr Kinderbett \u20ac 20,00 pro Tag<\/li>\n<li data-start=\"706\" data-end=\"766\">Wenn sie mit den Eltern schlafen: Zuschlag \u20ac 15,00 pro Tag<\/li>\n<li data-start=\"767\" data-end=\"851\" data-is-last-node=\"\">ab 4,00 Jahren und \u00e4lter, 3.\/4. Bett hinzugef\u00fcgt: Zuschlag von \u20ac 30,00 bis \u20ac 40,00<\/li>\n<\/ul>\n<p>[\/vc_column_text][\/vc_column][vc_column width=&#8220;1\/3&#8243;][vc_custom_heading text=&#8220;IM PREIS INBEGRIFFEN&#8220; font_container=&#8220;tag:h2|text_align:left|color:%23e7c130&#8243;][vc_column_text size=&#8220;0&#8243;]<\/p>\n<div class=\"flex max-w-full flex-col flex-grow\">\n<div class=\"min-h-8 text-message flex w-full flex-col items-end gap-2 whitespace-normal break-words text-start [.text-message+&amp;]:mt-5\" dir=\"auto\" data-message-author-role=\"assistant\" data-message-id=\"171e17d9-8f16-4741-be28-8666b1a4f3d8\" data-message-model-slug=\"gpt-4o-mini\">\n<div class=\"flex w-full flex-col gap-1 empty:hidden first:pt-[3px]\">\n<div class=\"markdown prose w-full break-words dark:prose-invert light\">\n<p data-start=\"58\" data-end=\"470\" data-is-last-node=\"\">Die Preise beinhalten Service und 10% MwSt. Kostenloser Parkplatz in einem der zwei unbewachten Parkpl\u00e4tze des Hotels. Kostenloses Wi-Fi im Gemeinschaftsbereich, mit Passwort. Der Preis im B\/B beinhaltet \u00dcbernachtung und Fr\u00fchst\u00fccksbuffet. Der Preis in Halbpension beinhaltet Fr\u00fchst\u00fccksbuffet, Abendessen und \u00dcbernachtung. Das Abendessen umfasst: (1 Vorspeise, 1 Hauptgericht, 1 Beilage zur Auswahl vom Tagesmen\u00fc)<\/p>\n<\/div>\n<\/div>\n<\/div>\n<\/div>\n<p>[\/vc_column_text][\/vc_column][\/vc_row][vc_row][vc_column width=&#8220;1\/3&#8243;][vc_custom_heading text=&#8220;EXTRA&#8220; font_container=&#8220;tag:h2|text_align:left|color:%23e7c130&#8243;][vc_column_text size=&#8220;0&#8243;]<\/p>\n<p data-start=\"43\" data-end=\"76\">Nicht in den Angeboten enthalten:<\/p>\n<ul data-start=\"77\" data-end=\"412\" data-is-last-node=\"\">\n<li data-start=\"77\" data-end=\"219\">Der Strandservice (1 Sonnenschirm und 2 Liegest\u00fchle), verf\u00fcgbar auf Voranmeldung. Vor Ort zu bezahlen. Preise von Euro 25,00 bis Euro 40,00.<\/li>\n<li data-start=\"220\" data-end=\"283\">Getr\u00e4nke und Desserts zu den Mahlzeiten. Vor Ort zu bezahlen.<\/li>\n<li data-start=\"284\" data-end=\"412\" data-is-last-node=\"\">Kurtaxe. Ca. 1,50 pro Person pro Tag (Tarif variiert je nach kommunalen Tabellen). Vor Ort bei der Abreise in bar zu bezahlen.<\/li>\n<\/ul>\n<p>[\/vc_column_text][\/vc_column][vc_column width=&#8220;1\/3&#8243;][vc_custom_heading text=&#8220;ZUSCHL\u00c4GE&#8220; font_container=&#8220;tag:h2|text_align:left|color:%23e7c130&#8243;][vc_column_text size=&#8220;0&#8243;]<\/p>\n<ul>\n<li data-start=\"47\" data-end=\"156\">Zuschlag f\u00fcr Doppelzimmer zur Einzelnutzung von Euro 20,00 bis Euro 35,00 pro Tag je nach Buchungszeitraum.<\/li>\n<li data-start=\"157\" data-end=\"261\">Zuschlag f\u00fcr das 3. und 4. Bett im B\/B von Euro 30,00 bis Euro 40,00 pro Tag je nach Buchungszeitraum.<\/li>\n<li data-start=\"262\" data-end=\"405\" data-is-last-node=\"\">Zuschlag f\u00fcr Balkon\/Terrasse von Euro 15,00 bis Euro 25,00 je nach Zimmerkategorie und Buchungszeitraum f\u00fcr Kurzaufenthalte oder Wochenenden.<\/li>\n<\/ul>\n<p>[\/vc_column_text][\/vc_column][vc_column width=&#8220;1\/3&#8243;][vc_custom_heading text=&#8220;BUCHUNG UND ANZAHLUNG&#8220; font_container=&#8220;tag:h2|text_align:left|color:%23e7c130&#8243;][vc_column_text size=&#8220;0&#8243;]<\/p>\n<div class=\"flex max-w-full flex-col flex-grow\">\n<div class=\"min-h-8 text-message flex w-full flex-col items-end gap-2 whitespace-normal break-words text-start [.text-message+&amp;]:mt-5\" dir=\"auto\" data-message-author-role=\"assistant\" data-message-id=\"40d77216-a43d-4f2a-9cbb-fb5f1b522cdc\" data-message-model-slug=\"gpt-4o-mini\">\n<div class=\"flex w-full flex-col gap-1 empty:hidden first:pt-[3px]\">\n<div class=\"markdown prose w-full break-words dark:prose-invert light\">\n<p data-start=\"59\" data-end=\"594\">Bei der Buchung ist eine Anzahlung von 30% des Gesamtbetrags erforderlich. Die Buchung gilt als best\u00e4tigt, sobald die Anzahlung eingegangen ist. Die Anzahlung wird dem Kunden im Falle einer Stornierung bis 30 Tage vor dem Ankunftsdatum vollst\u00e4ndig zur\u00fcckerstattet. Im Falle einer vorzeitigen Abreise oder einer versp\u00e4teten Ankunft wird der Preis f\u00fcr den gesamten gebuchten Zeitraum berechnet. Bei sp\u00e4terer Stornierung oder No-Show beh\u00e4lt sich die LUNA BLU Sas das Recht vor, den bereits erhaltenen Betrag als Entsch\u00e4digung zu behalten.<\/p>\n<p data-start=\"596\" data-end=\"640\" data-is-last-node=\"\">\u00c4nderungen liegen im Ermessen der Direktion.<\/p>\n<\/div>\n<\/div>\n<\/div>\n<\/div>\n<p>[\/vc_column_text][\/vc_column][\/vc_row][vc_row][vc_column width=&#8220;1\/3&#8243;][vc_custom_heading text=&#8220;ZAHLUNGSMETHODEN&#8220; font_container=&#8220;tag:h2|text_align:left|color:%23e7c130&#8243;][vc_column_text size=&#8220;0&#8243;]<\/p>\n<div class=\"flex max-w-full flex-col flex-grow\">\n<div class=\"min-h-8 text-message flex w-full flex-col items-end gap-2 whitespace-normal break-words text-start [.text-message+&amp;]:mt-5\" dir=\"auto\" data-message-author-role=\"assistant\" data-message-id=\"46e40553-23b6-4a1c-bd9a-0113b60dae42\" data-message-model-slug=\"gpt-4o-mini\">\n<div class=\"flex w-full flex-col gap-1 empty:hidden first:pt-[3px]\">\n<div class=\"markdown prose w-full break-words dark:prose-invert light\">\n<p data-start=\"54\" data-end=\"216\" data-is-last-node=\"\">Barzahlung (bis zu maximal Euro 999,00). Es werden akzeptiert: VISA, MASTERCARD, MAESTRO, BANCOMAT. Es werden nicht akzeptiert: SCHECKS, AMERICAN EXPRESS, DINERS.<\/p>\n<\/div>\n<\/div>\n<\/div>\n<\/div>\n<p>[\/vc_column_text][\/vc_column][vc_column width=&#8220;1\/3&#8243;][vc_custom_heading text=&#8220;TIERE&#8220; font_container=&#8220;tag:h2|text_align:left|color:%23e7c130&#8243;][vc_column_text size=&#8220;0&#8243;]<\/p>\n<div class=\"flex max-w-full flex-col flex-grow\">\n<div class=\"min-h-8 text-message flex w-full flex-col items-end gap-2 whitespace-normal break-words text-start [.text-message+&amp;]:mt-5\" dir=\"auto\" data-message-author-role=\"assistant\" data-message-id=\"46e40553-23b6-4a1c-bd9a-0113b60dae42\" data-message-model-slug=\"gpt-4o-mini\">\n<div class=\"flex w-full flex-col gap-1 empty:hidden first:pt-[3px]\">\n<div class=\"markdown prose w-full break-words dark:prose-invert light\">\n<p data-start=\"43\" data-end=\"166\">Kleine Tiere sind im Hotelbereich willkommen, mit Ausnahme des Restaurants und des Strandes. T\u00e4glicher Zuschlag von \u20ac 5,00.<\/p>\n<p data-start=\"168\" data-end=\"196\" data-is-last-node=\"\">Gro\u00dfe Tiere \u20ac 10,00 pro Tag.<\/p>\n<\/div>\n<\/div>\n<\/div>\n<\/div>\n<p>[\/vc_column_text][\/vc_column][vc_column width=&#8220;1\/3&#8243;][vc_custom_heading text=&#8220;VERANTWORTUNG&#8220; font_container=&#8220;tag:h2|text_align:left|color:%23e7c130&#8243;][vc_column_text size=&#8220;0&#8243;]<\/p>\n<div class=\"flex max-w-full flex-col flex-grow\">\n<div class=\"min-h-8 text-message flex w-full flex-col items-end gap-2 whitespace-normal break-words text-start [.text-message+&amp;]:mt-5\" dir=\"auto\" data-message-author-role=\"assistant\" data-message-id=\"46e40553-23b6-4a1c-bd9a-0113b60dae42\" data-message-model-slug=\"gpt-4o-mini\">\n<div class=\"flex w-full flex-col gap-1 empty:hidden first:pt-[3px]\">\n<div class=\"markdown prose w-full break-words dark:prose-invert light\">\n<div class=\"flex max-w-full flex-col flex-grow\">\n<div class=\"min-h-8 text-message flex w-full flex-col items-end gap-2 whitespace-normal break-words text-start [.text-message+&amp;]:mt-5\" dir=\"auto\" data-message-author-role=\"assistant\" data-message-id=\"dddc9080-9cd2-4ca2-abf0-c0285ba3b708\" data-message-model-slug=\"gpt-4o-mini\">\n<div class=\"flex w-full flex-col gap-1 empty:hidden first:pt-[3px]\">\n<div class=\"markdown prose w-full break-words dark:prose-invert light\">\n<p data-start=\"51\" data-end=\"222\" data-is-last-node=\"\">Die Direktion \u00fcbernimmt keine Verantwortung f\u00fcr Gegenst\u00e4nde und Wertgegenst\u00e4nde, die unbeaufsichtigt in den Zimmern und\/oder in den \u00f6ffentlichen Bereichen gelassen werden.<\/p>\n<\/div>\n<\/div>\n<\/div>\n<\/div>\n<\/div>\n<\/div>\n<\/div>\n<\/div>\n<p>[\/vc_column_text][\/vc_column][\/vc_row]<\/p>\n","protected":false},"excerpt":{"rendered":"<p>[vc_row full_width=&#8220;stretch_row&#8220; parallax=&#8220;content-moving&#8220; parallax_image=&#8220;14&#8243; bg_overlay=&#8220;rgba(0,0,0,0.2)&#8220; enable_overlay=&#8220;true&#8220; css=&#8220;.vc_custom_1440559884327{padding-top: 150px !important;padding-bottom: 80px !important;}&#8220;][vc_column][\/vc_column][\/vc_row][vc_row][vc_column width=&#8220;1\/3&#8243;][vc_custom_heading text=&#8220;CHECK-IN \u2013 CHECK-OUT&#8220; font_container=&#8220;tag:h2|text_align:left|color:%23e7c130&#8243;][vc_column_text size=&#8220;0&#8243;]Die am Anreisetag ab 16.00 Uhr zur Verf\u00fcgung stehenden Zimmer m\u00fcssen am Abreisetag bis sp\u00e4testens 10.30 Uhr ger\u00e4umt sein.[\/vc_column_text][\/vc_column][vc_column width=&#8220;1\/3&#8243;][vc_custom_heading text=&#8220;KINDERERM\u00c4\u00dfIGUNGEN&#8220; font_container=&#8220;tag:h2|text_align:left|color:%23e7c130&#8243;][vc_column_text size=&#8220;0&#8243;] Die Erm\u00e4\u00dfigungen f\u00fcr Kinder im Halbpensionsservice gelten nur, wenn sie das Zimmer mit zwei voll zahlenden&#8230;<\/p>\n","protected":false},"author":1,"featured_media":0,"parent":0,"menu_order":0,"comment_status":"closed","ping_status":"closed","template":"","meta":{"footnotes":"","_expiration-date-status":"","_expiration-date":0,"_expiration-date-type":"","_expiration-date-categories":[],"_expiration-date-options":[]},"class_list":["post-484","page","type-page","status-publish","hentry"],"yoast_head":"<!-- This site is optimized with the Yoast SEO plugin v19.9 - https:\/\/yoast.com\/wordpress\/plugins\/seo\/ -->\n<title>AGB des Aufenthalts - Castiglioncello Turismo<\/title>\n<meta name=\"robots\" content=\"index, follow, max-snippet:-1, max-image-preview:large, max-video-preview:-1\" \/>\n<link rel=\"canonical\" href=\"https:\/\/www.castiglioncelloturismo.com\/de\/agb-des-aufenthalts\/\" \/>\n<meta property=\"og:locale\" content=\"de_DE\" \/>\n<meta property=\"og:type\" content=\"article\" \/>\n<meta property=\"og:title\" content=\"AGB des Aufenthalts - Castiglioncello Turismo\" \/>\n<meta property=\"og:description\" content=\"[vc_row full_width=&#8220;stretch_row&#8220; parallax=&#8220;content-moving&#8220; parallax_image=&#8220;14&#8243; bg_overlay=&#8220;rgba(0,0,0,0.2)&#8220; enable_overlay=&#8220;true&#8220; css=&#8220;.vc_custom_1440559884327{padding-top: 150px !important;padding-bottom: 80px !important;}&#8220;][vc_column][\/vc_column][\/vc_row][vc_row][vc_column width=&#8220;1\/3&#8243;][vc_custom_heading text=&#8220;CHECK-IN \u2013 CHECK-OUT&#8220; font_container=&#8220;tag:h2|text_align:left|color:%23e7c130&#8243;][vc_column_text size=&#8220;0&#8243;]Die am Anreisetag ab 16.00 Uhr zur Verf\u00fcgung stehenden Zimmer m\u00fcssen am Abreisetag bis sp\u00e4testens 10.30 Uhr ger\u00e4umt sein.[\/vc_column_text][\/vc_column][vc_column width=&#8220;1\/3&#8243;][vc_custom_heading text=&#8220;KINDERERM\u00c4\u00dfIGUNGEN&#8220; font_container=&#8220;tag:h2|text_align:left|color:%23e7c130&#8243;][vc_column_text size=&#8220;0&#8243;] Die Erm\u00e4\u00dfigungen f\u00fcr Kinder im Halbpensionsservice gelten nur, wenn sie das Zimmer mit zwei voll zahlenden...\" \/>\n<meta property=\"og:url\" content=\"https:\/\/www.castiglioncelloturismo.com\/de\/agb-des-aufenthalts\/\" \/>\n<meta property=\"og:site_name\" content=\"Castiglioncello Turismo\" \/>\n<meta property=\"article:modified_time\" content=\"2025-02-19T13:56:42+00:00\" \/>\n<meta name=\"twitter:card\" content=\"summary_large_image\" \/>\n<meta name=\"twitter:label1\" content=\"Gesch\u00e4tzte Lesezeit\" \/>\n\t<meta name=\"twitter:data1\" content=\"3\u00a0Minuten\" \/>\n<script type=\"application\/ld+json\" class=\"yoast-schema-graph\">{\"@context\":\"https:\/\/schema.org\",\"@graph\":[{\"@type\":\"WebPage\",\"@id\":\"https:\/\/www.castiglioncelloturismo.com\/de\/agb-des-aufenthalts\/\",\"url\":\"https:\/\/www.castiglioncelloturismo.com\/de\/agb-des-aufenthalts\/\",\"name\":\"AGB des Aufenthalts - Castiglioncello Turismo\",\"isPartOf\":{\"@id\":\"https:\/\/www.castiglioncelloturismo.com\/#website\"},\"datePublished\":\"2015-10-27T10:23:49+00:00\",\"dateModified\":\"2025-02-19T13:56:42+00:00\",\"breadcrumb\":{\"@id\":\"https:\/\/www.castiglioncelloturismo.com\/de\/agb-des-aufenthalts\/#breadcrumb\"},\"inLanguage\":\"de\",\"potentialAction\":[{\"@type\":\"ReadAction\",\"target\":[\"https:\/\/www.castiglioncelloturismo.com\/de\/agb-des-aufenthalts\/\"]}]},{\"@type\":\"BreadcrumbList\",\"@id\":\"https:\/\/www.castiglioncelloturismo.com\/de\/agb-des-aufenthalts\/#breadcrumb\",\"itemListElement\":[{\"@type\":\"ListItem\",\"position\":1,\"name\":\"Home\",\"item\":\"https:\/\/www.castiglioncelloturismo.com\/de\/\"},{\"@type\":\"ListItem\",\"position\":2,\"name\":\"AGB des Aufenthalts\"}]},{\"@type\":\"WebSite\",\"@id\":\"https:\/\/www.castiglioncelloturismo.com\/#website\",\"url\":\"https:\/\/www.castiglioncelloturismo.com\/\",\"name\":\"Castiglioncello Turismo\",\"description\":\"Hotel a Castiglioncello\",\"potentialAction\":[{\"@type\":\"SearchAction\",\"target\":{\"@type\":\"EntryPoint\",\"urlTemplate\":\"https:\/\/www.castiglioncelloturismo.com\/?s={search_term_string}\"},\"query-input\":\"required name=search_term_string\"}],\"inLanguage\":\"de\"}]}<\/script>\n<!-- \/ Yoast SEO plugin. -->","yoast_head_json":{"title":"AGB des Aufenthalts - Castiglioncello Turismo","robots":{"index":"index","follow":"follow","max-snippet":"max-snippet:-1","max-image-preview":"max-image-preview:large","max-video-preview":"max-video-preview:-1"},"canonical":"https:\/\/www.castiglioncelloturismo.com\/de\/agb-des-aufenthalts\/","og_locale":"de_DE","og_type":"article","og_title":"AGB des Aufenthalts - Castiglioncello Turismo","og_description":"[vc_row full_width=&#8220;stretch_row&#8220; parallax=&#8220;content-moving&#8220; parallax_image=&#8220;14&#8243; bg_overlay=&#8220;rgba(0,0,0,0.2)&#8220; enable_overlay=&#8220;true&#8220; css=&#8220;.vc_custom_1440559884327{padding-top: 150px !important;padding-bottom: 80px !important;}&#8220;][vc_column][\/vc_column][\/vc_row][vc_row][vc_column width=&#8220;1\/3&#8243;][vc_custom_heading text=&#8220;CHECK-IN \u2013 CHECK-OUT&#8220; font_container=&#8220;tag:h2|text_align:left|color:%23e7c130&#8243;][vc_column_text size=&#8220;0&#8243;]Die am Anreisetag ab 16.00 Uhr zur Verf\u00fcgung stehenden Zimmer m\u00fcssen am Abreisetag bis sp\u00e4testens 10.30 Uhr ger\u00e4umt sein.[\/vc_column_text][\/vc_column][vc_column width=&#8220;1\/3&#8243;][vc_custom_heading text=&#8220;KINDERERM\u00c4\u00dfIGUNGEN&#8220; font_container=&#8220;tag:h2|text_align:left|color:%23e7c130&#8243;][vc_column_text size=&#8220;0&#8243;] Die Erm\u00e4\u00dfigungen f\u00fcr Kinder im Halbpensionsservice gelten nur, wenn sie das Zimmer mit zwei voll zahlenden...","og_url":"https:\/\/www.castiglioncelloturismo.com\/de\/agb-des-aufenthalts\/","og_site_name":"Castiglioncello Turismo","article_modified_time":"2025-02-19T13:56:42+00:00","twitter_card":"summary_large_image","twitter_misc":{"Gesch\u00e4tzte Lesezeit":"3\u00a0Minuten"},"schema":{"@context":"https:\/\/schema.org","@graph":[{"@type":"WebPage","@id":"https:\/\/www.castiglioncelloturismo.com\/de\/agb-des-aufenthalts\/","url":"https:\/\/www.castiglioncelloturismo.com\/de\/agb-des-aufenthalts\/","name":"AGB des Aufenthalts - Castiglioncello Turismo","isPartOf":{"@id":"https:\/\/www.castiglioncelloturismo.com\/#website"},"datePublished":"2015-10-27T10:23:49+00:00","dateModified":"2025-02-19T13:56:42+00:00","breadcrumb":{"@id":"https:\/\/www.castiglioncelloturismo.com\/de\/agb-des-aufenthalts\/#breadcrumb"},"inLanguage":"de","potentialAction":[{"@type":"ReadAction","target":["https:\/\/www.castiglioncelloturismo.com\/de\/agb-des-aufenthalts\/"]}]},{"@type":"BreadcrumbList","@id":"https:\/\/www.castiglioncelloturismo.com\/de\/agb-des-aufenthalts\/#breadcrumb","itemListElement":[{"@type":"ListItem","position":1,"name":"Home","item":"https:\/\/www.castiglioncelloturismo.com\/de\/"},{"@type":"ListItem","position":2,"name":"AGB des Aufenthalts"}]},{"@type":"WebSite","@id":"https:\/\/www.castiglioncelloturismo.com\/#website","url":"https:\/\/www.castiglioncelloturismo.com\/","name":"Castiglioncello Turismo","description":"Hotel a Castiglioncello","potentialAction":[{"@type":"SearchAction","target":{"@type":"EntryPoint","urlTemplate":"https:\/\/www.castiglioncelloturismo.com\/?s={search_term_string}"},"query-input":"required name=search_term_string"}],"inLanguage":"de"}]}},"_links":{"self":[{"href":"https:\/\/www.castiglioncelloturismo.com\/de\/wp-json\/wp\/v2\/pages\/484"}],"collection":[{"href":"https:\/\/www.castiglioncelloturismo.com\/de\/wp-json\/wp\/v2\/pages"}],"about":[{"href":"https:\/\/www.castiglioncelloturismo.com\/de\/wp-json\/wp\/v2\/types\/page"}],"author":[{"embeddable":true,"href":"https:\/\/www.castiglioncelloturismo.com\/de\/wp-json\/wp\/v2\/users\/1"}],"replies":[{"embeddable":true,"href":"https:\/\/www.castiglioncelloturismo.com\/de\/wp-json\/wp\/v2\/comments?post=484"}],"version-history":[{"count":2,"href":"https:\/\/www.castiglioncelloturismo.com\/de\/wp-json\/wp\/v2\/pages\/484\/revisions"}],"predecessor-version":[{"id":4166,"href":"https:\/\/www.castiglioncelloturismo.com\/de\/wp-json\/wp\/v2\/pages\/484\/revisions\/4166"}],"wp:attachment":[{"href":"https:\/\/www.castiglioncelloturismo.com\/de\/wp-json\/wp\/v2\/media?parent=484"}],"curies":[{"name":"wp","href":"https:\/\/api.w.org\/{rel}","templated":true}]}}